{"id":14,"date":"2022-12-21T12:07:21","date_gmt":"2022-12-21T11:07:21","guid":{"rendered":"https:\/\/international.franceclat.fr\/?page_id=14"},"modified":"2026-02-20T12:51:14","modified_gmt":"2026-02-20T11:51:14","slug":"accueil","status":"publish","type":"page","link":"https:\/\/international.franceclat.fr\/fr\/","title":{"rendered":"Accueil"},"content":{"rendered":"","protected":false},"excerpt":{"rendered":"","protected":false},"author":1,"featured_media":0,"parent":0,"menu_order":0,"comment_status":"closed","ping_status":"closed","template":"","meta":{"_acf_changed":false,"_relevanssi_hide_post":"","_relevanssi_hide_content":"","_relevanssi_pin_for_all":"","_relevanssi_pin_keywords":"","_relevanssi_unpin_keywords":"","_relevanssi_related_keywords":"","_relevanssi_related_include_ids":"","_relevanssi_related_exclude_ids":"","_relevanssi_related_no_append":"","_relevanssi_related_not_related":"","_relevanssi_related_posts":"25012,299,162","_relevanssi_noindex_reason":"","footnotes":""},"class_list":["post-14","page","type-page","status-publish","hentry"],"acf":[],"yoast_head":"<!-- This site is optimized with the Yoast SEO plugin v27.1.1 - https:\/\/yoast.com\/product\/yoast-seo-wordpress\/ -->\n<title>FRANCECLAT INTERNATIONAL - The path to French excellence. Watches, Jewellery, Tableware.<\/title>\n<meta name=\"description\" content=\"D\u00e9couvrez l\u2019excellence fran\u00e7aise. Venez \u00e0 la rencontre des marques fran\u00e7aises de bijouterie-joaillerie, horlogerie et arts de la table d\u00e9sireuses de se d\u00e9velopper en dehors de l&#039;hexagone. El\u00e9gantes, inventives ou audacieuses, chacune a su mettre son savoir-faire et sa passion pour faire rayonner l\u2019art de vivre fran\u00e7ais.\" \/>\n<meta name=\"robots\" content=\"index, follow, max-snippet:-1, max-image-preview:large, max-video-preview:-1\" \/>\n<link rel=\"canonical\" href=\"https:\/\/international.franceclat.fr\/fr\/\" \/>\n<meta property=\"og:locale\" content=\"fr_FR\" \/>\n<meta property=\"og:type\" content=\"article\" \/>\n<meta property=\"og:title\" content=\"FRANCECLAT INTERNATIONAL\" \/>\n<meta property=\"og:description\" content=\"Venez \u00e0 la rencontre des marques fran\u00e7aises de bijouterie-joaillerie, horlogerie et arts de la table d\u00e9sireuses de se d\u00e9velopper en dehors de l&#039;hexagone. El\u00e9gantes, inventives ou audacieuses, chacune a su mettre son savoir-faire et sa passion pour faire rayonner l\u2019art de vivre fran\u00e7ais.\" \/>\n<meta property=\"og:url\" content=\"https:\/\/international.franceclat.fr\/fr\/\" \/>\n<meta property=\"og:site_name\" content=\"FRANCECLAT INTERNATIONAL\" \/>\n<meta property=\"article:modified_time\" content=\"2026-02-20T11:51:14+00:00\" \/>\n<meta property=\"og:image\" content=\"https:\/\/international.franceclat.fr\/wp-content\/uploads\/2026\/02\/franceclatinternational-logo-fondbleu-zonesecurite-RVB.png\" \/>\n\t<meta property=\"og:image:width\" content=\"2456\" \/>\n\t<meta property=\"og:image:height\" content=\"1236\" \/>\n\t<meta property=\"og:image:type\" content=\"image\/png\" \/>\n<meta name=\"twitter:card\" content=\"summary_large_image\" \/>\n<meta name=\"twitter:title\" content=\"FRANCECLAT INTERNATIONAL\" \/>\n<meta name=\"twitter:description\" content=\"Venez \u00e0 la rencontre des marques fran\u00e7aises de bijouterie-joaillerie, horlogerie et arts de la table d\u00e9sireuses de se d\u00e9velopper en dehors de l&#039;hexagone. El\u00e9gantes, inventives ou audacieuses, chacune a su mettre son savoir-faire et sa passion pour faire rayonner l\u2019art de vivre fran\u00e7ais.\" \/>\n<meta name=\"twitter:image\" content=\"https:\/\/international.franceclat.fr\/wp-content\/uploads\/2023\/02\/Logo-Franceclat.png\" \/>\n<meta name=\"twitter:label1\" content=\"Dur\u00e9e de lecture estim\u00e9e\" \/>\n\t<meta name=\"twitter:data1\" content=\"3 minutes\" \/>\n<script type=\"application\/ld+json\" class=\"yoast-schema-graph\">{\"@context\":\"https:\/\/schema.org\",\"@graph\":[{\"@type\":\"WebPage\",\"@id\":\"https:\/\/international.franceclat.fr\/fr\/\",\"url\":\"https:\/\/international.franceclat.fr\/fr\/\",\"name\":\"FRANCECLAT INTERNATIONAL - The path to French excellence. Watches, Jewellery, Tableware.\",\"isPartOf\":{\"@id\":\"https:\/\/franceclat.votre-projet.com\/#website\"},\"datePublished\":\"2022-12-21T11:07:21+00:00\",\"dateModified\":\"2026-02-20T11:51:14+00:00\",\"description\":\"D\u00e9couvrez l\u2019excellence fran\u00e7aise. Venez \u00e0 la rencontre des marques fran\u00e7aises de bijouterie-joaillerie, horlogerie et arts de la table d\u00e9sireuses de se d\u00e9velopper en dehors de l'hexagone. El\u00e9gantes, inventives ou audacieuses, chacune a su mettre son savoir-faire et sa passion pour faire rayonner l\u2019art de vivre fran\u00e7ais.\",\"breadcrumb\":{\"@id\":\"https:\/\/international.franceclat.fr\/fr\/#breadcrumb\"},\"inLanguage\":\"fr-FR\",\"potentialAction\":[{\"@type\":\"ReadAction\",\"target\":[\"https:\/\/international.franceclat.fr\/fr\/\"]}]},{\"@type\":\"BreadcrumbList\",\"@id\":\"https:\/\/international.franceclat.fr\/fr\/#breadcrumb\",\"itemListElement\":[{\"@type\":\"ListItem\",\"position\":1,\"name\":\"Accueil\",\"item\":\"https:\/\/international.franceclat.fr\/fr\/\"},{\"@type\":\"ListItem\",\"position\":2,\"name\":\"Accueil\"}]},{\"@type\":\"WebSite\",\"@id\":\"https:\/\/franceclat.votre-projet.com\/#website\",\"url\":\"https:\/\/franceclat.votre-projet.com\/\",\"name\":\"Franc\u00e9clat international\",\"description\":\"The path to French excellence. Watches, Jewellery, Tableware.\",\"publisher\":{\"@id\":\"https:\/\/franceclat.votre-projet.com\/#organization\"},\"alternateName\":\"Franc\u00e9clat international\",\"potentialAction\":[{\"@type\":\"SearchAction\",\"target\":{\"@type\":\"EntryPoint\",\"urlTemplate\":\"https:\/\/franceclat.votre-projet.com\/?s={search_term_string}\"},\"query-input\":{\"@type\":\"PropertyValueSpecification\",\"valueRequired\":true,\"valueName\":\"search_term_string\"}}],\"inLanguage\":\"fr-FR\"},{\"@type\":\"Organization\",\"@id\":\"https:\/\/franceclat.votre-projet.com\/#organization\",\"name\":\"Franc\u00e9clat international\",\"url\":\"https:\/\/franceclat.votre-projet.com\/\",\"logo\":{\"@type\":\"ImageObject\",\"inLanguage\":\"fr-FR\",\"@id\":\"https:\/\/franceclat.votre-projet.com\/#\/schema\/logo\/image\/\",\"url\":\"https:\/\/international.franceclat.fr\/wp-content\/uploads\/2023\/02\/Logo-Franceclat.png\",\"contentUrl\":\"https:\/\/international.franceclat.fr\/wp-content\/uploads\/2023\/02\/Logo-Franceclat.png\",\"width\":1667,\"height\":1667,\"caption\":\"Franc\u00e9clat international\"},\"image\":{\"@id\":\"https:\/\/franceclat.votre-projet.com\/#\/schema\/logo\/image\/\"},\"sameAs\":[\"https:\/\/www.linkedin.com\/company\/franceclat-international\/\"]}]}<\/script>\n<!-- \/ Yoast SEO plugin. -->","yoast_head_json":{"title":"FRANCECLAT INTERNATIONAL - The path to French excellence. Watches, Jewellery, Tableware.","description":"D\u00e9couvrez l\u2019excellence fran\u00e7aise. Venez \u00e0 la rencontre des marques fran\u00e7aises de bijouterie-joaillerie, horlogerie et arts de la table d\u00e9sireuses de se d\u00e9velopper en dehors de l'hexagone. El\u00e9gantes, inventives ou audacieuses, chacune a su mettre son savoir-faire et sa passion pour faire rayonner l\u2019art de vivre fran\u00e7ais.","robots":{"index":"index","follow":"follow","max-snippet":"max-snippet:-1","max-image-preview":"max-image-preview:large","max-video-preview":"max-video-preview:-1"},"canonical":"https:\/\/international.franceclat.fr\/fr\/","og_locale":"fr_FR","og_type":"article","og_title":"FRANCECLAT INTERNATIONAL","og_description":"Venez \u00e0 la rencontre des marques fran\u00e7aises de bijouterie-joaillerie, horlogerie et arts de la table d\u00e9sireuses de se d\u00e9velopper en dehors de l'hexagone. El\u00e9gantes, inventives ou audacieuses, chacune a su mettre son savoir-faire et sa passion pour faire rayonner l\u2019art de vivre fran\u00e7ais.","og_url":"https:\/\/international.franceclat.fr\/fr\/","og_site_name":"FRANCECLAT INTERNATIONAL","article_modified_time":"2026-02-20T11:51:14+00:00","og_image":[{"width":2456,"height":1236,"url":"https:\/\/international.franceclat.fr\/wp-content\/uploads\/2026\/02\/franceclatinternational-logo-fondbleu-zonesecurite-RVB.png","type":"image\/png"}],"twitter_card":"summary_large_image","twitter_title":"FRANCECLAT INTERNATIONAL","twitter_description":"Venez \u00e0 la rencontre des marques fran\u00e7aises de bijouterie-joaillerie, horlogerie et arts de la table d\u00e9sireuses de se d\u00e9velopper en dehors de l'hexagone. El\u00e9gantes, inventives ou audacieuses, chacune a su mettre son savoir-faire et sa passion pour faire rayonner l\u2019art de vivre fran\u00e7ais.","twitter_image":"https:\/\/international.franceclat.fr\/wp-content\/uploads\/2023\/02\/Logo-Franceclat.png","twitter_misc":{"Dur\u00e9e de lecture estim\u00e9e":"3 minutes"},"schema":{"@context":"https:\/\/schema.org","@graph":[{"@type":"WebPage","@id":"https:\/\/international.franceclat.fr\/fr\/","url":"https:\/\/international.franceclat.fr\/fr\/","name":"FRANCECLAT INTERNATIONAL - The path to French excellence. Watches, Jewellery, Tableware.","isPartOf":{"@id":"https:\/\/franceclat.votre-projet.com\/#website"},"datePublished":"2022-12-21T11:07:21+00:00","dateModified":"2026-02-20T11:51:14+00:00","description":"D\u00e9couvrez l\u2019excellence fran\u00e7aise. Venez \u00e0 la rencontre des marques fran\u00e7aises de bijouterie-joaillerie, horlogerie et arts de la table d\u00e9sireuses de se d\u00e9velopper en dehors de l'hexagone. El\u00e9gantes, inventives ou audacieuses, chacune a su mettre son savoir-faire et sa passion pour faire rayonner l\u2019art de vivre fran\u00e7ais.","breadcrumb":{"@id":"https:\/\/international.franceclat.fr\/fr\/#breadcrumb"},"inLanguage":"fr-FR","potentialAction":[{"@type":"ReadAction","target":["https:\/\/international.franceclat.fr\/fr\/"]}]},{"@type":"BreadcrumbList","@id":"https:\/\/international.franceclat.fr\/fr\/#breadcrumb","itemListElement":[{"@type":"ListItem","position":1,"name":"Accueil","item":"https:\/\/international.franceclat.fr\/fr\/"},{"@type":"ListItem","position":2,"name":"Accueil"}]},{"@type":"WebSite","@id":"https:\/\/franceclat.votre-projet.com\/#website","url":"https:\/\/franceclat.votre-projet.com\/","name":"Franc\u00e9clat international","description":"The path to French excellence. Watches, Jewellery, Tableware.","publisher":{"@id":"https:\/\/franceclat.votre-projet.com\/#organization"},"alternateName":"Franc\u00e9clat international","potentialAction":[{"@type":"SearchAction","target":{"@type":"EntryPoint","urlTemplate":"https:\/\/franceclat.votre-projet.com\/?s={search_term_string}"},"query-input":{"@type":"PropertyValueSpecification","valueRequired":true,"valueName":"search_term_string"}}],"inLanguage":"fr-FR"},{"@type":"Organization","@id":"https:\/\/franceclat.votre-projet.com\/#organization","name":"Franc\u00e9clat international","url":"https:\/\/franceclat.votre-projet.com\/","logo":{"@type":"ImageObject","inLanguage":"fr-FR","@id":"https:\/\/franceclat.votre-projet.com\/#\/schema\/logo\/image\/","url":"https:\/\/international.franceclat.fr\/wp-content\/uploads\/2023\/02\/Logo-Franceclat.png","contentUrl":"https:\/\/international.franceclat.fr\/wp-content\/uploads\/2023\/02\/Logo-Franceclat.png","width":1667,"height":1667,"caption":"Franc\u00e9clat international"},"image":{"@id":"https:\/\/franceclat.votre-projet.com\/#\/schema\/logo\/image\/"},"sameAs":["https:\/\/www.linkedin.com\/company\/franceclat-international\/"]}]}},"_links":{"self":[{"href":"https:\/\/international.franceclat.fr\/fr\/wp-json\/wp\/v2\/pages\/14","targetHints":{"allow":["GET"]}}],"collection":[{"href":"https:\/\/international.franceclat.fr\/fr\/wp-json\/wp\/v2\/pages"}],"about":[{"href":"https:\/\/international.franceclat.fr\/fr\/wp-json\/wp\/v2\/types\/page"}],"author":[{"embeddable":true,"href":"https:\/\/international.franceclat.fr\/fr\/wp-json\/wp\/v2\/users\/1"}],"replies":[{"embeddable":true,"href":"https:\/\/international.franceclat.fr\/fr\/wp-json\/wp\/v2\/comments?post=14"}],"version-history":[{"count":9,"href":"https:\/\/international.franceclat.fr\/fr\/wp-json\/wp\/v2\/pages\/14\/revisions"}],"predecessor-version":[{"id":45846,"href":"https:\/\/international.franceclat.fr\/fr\/wp-json\/wp\/v2\/pages\/14\/revisions\/45846"}],"wp:attachment":[{"href":"https:\/\/international.franceclat.fr\/fr\/wp-json\/wp\/v2\/media?parent=14"}],"curies":[{"name":"wp","href":"https:\/\/api.w.org\/{rel}","templated":true}]}}