{"id":18,"date":"2022-12-21T14:14:53","date_gmt":"2022-12-21T13:14:53","guid":{"rendered":"https:\/\/international.franceclat.fr\/?page_id=18"},"modified":"2026-02-05T13:00:21","modified_gmt":"2026-02-05T12:00:21","slug":"horlogerie","status":"publish","type":"page","link":"https:\/\/international.franceclat.fr\/fr\/horlogerie\/","title":{"rendered":"Horlogerie"},"content":{"rendered":"\n<div class=\"wp-block-columns tiers-img-gauche tiers-margin-right is-layout-flex wp-container-core-columns-is-layout-9d6595d7 wp-block-columns-is-layout-flex\">\n<div class=\"wp-block-column is-layout-flow wp-block-column-is-layout-flow\">\n<figure class=\"wp-block-image size-large\"><img loading=\"lazy\" decoding=\"async\" width=\"771\" height=\"1024\" src=\"https:\/\/international.franceclat.fr\/wp-content\/uploads\/2026\/02\/DISCOVER-TIMEPIECES-1-771x1024.jpg\" alt=\"\" class=\"wp-image-45523\" srcset=\"https:\/\/international.franceclat.fr\/wp-content\/uploads\/2026\/02\/DISCOVER-TIMEPIECES-1-771x1024.jpg 771w, https:\/\/international.franceclat.fr\/wp-content\/uploads\/2026\/02\/DISCOVER-TIMEPIECES-1-278x370.jpg 278w, https:\/\/international.franceclat.fr\/wp-content\/uploads\/2026\/02\/DISCOVER-TIMEPIECES-1-768x1021.jpg 768w, https:\/\/international.franceclat.fr\/wp-content\/uploads\/2026\/02\/DISCOVER-TIMEPIECES-1-1156x1536.jpg 1156w, https:\/\/international.franceclat.fr\/wp-content\/uploads\/2026\/02\/DISCOVER-TIMEPIECES-1.jpg 1505w\" sizes=\"auto, (max-width: 771px) 100vw, 771px\" \/><\/figure>\n<\/div>\n\n\n\n<div class=\"wp-block-column is-layout-flow wp-block-column-is-layout-flow\">\n<h2 class=\"wp-block-heading\">La culture fran\u00e7aise de l'horlogerie&nbsp;&nbsp;&nbsp;&nbsp;<\/h2>\n\n\n\n<p>La tradition horlog\u00e8re fran\u00e7aise remonte au XIIIe si\u00e8cle. Si les premiers instruments de mesure du temps furent invent\u00e9s et fabriqu\u00e9s \u00e0 Paris, c'est dans l\u2019Arc jurassien franco-suisse que le savoir-faire et l'innovation se sont d\u00e9velopp\u00e9s. La r\u00e9gion concentre encore les noms les plus embl\u00e9matiques de la fili\u00e8re fran\u00e7aise (Herbelin, Pequignet, Lip, Yema...), qui ont impuls\u00e9 le mouvement d\u2019une culture horlog\u00e8re d'exception, bouillonnante de cr\u00e9ativit\u00e9 et de vivacit\u00e9.&nbsp;&nbsp;<\/p>\n\n\n\n<p>Entre maisons historiques et cr\u00e9ateurs \u00e9mergents, la France compte aujourd'hui pr\u00e8s d\u2019une centaine de marques de montres dynamiques et inventives. Depuis 2020, les savoir-faire franco-suisses en m\u00e9canique horlog\u00e8re et m\u00e9canique d\u2019art sont inscrits par l\u2019Unesco au patrimoine culturel immat\u00e9riel de l'humanit\u00e9.&nbsp;&nbsp;<\/p>\n<\/div>\n<\/div>\n\n\n\n<div class=\"wp-block-columns tiers-img-droite tiers-margin-left reverse-bloc-img-right is-layout-flex wp-container-core-columns-is-layout-9d6595d7 wp-block-columns-is-layout-flex\">\n<div class=\"wp-block-column is-layout-flow wp-block-column-is-layout-flow\">\n<h2 class=\"wp-block-heading\">Une cr\u00e9ativit\u00e9 unique au monde&nbsp;&nbsp;<\/h2>\n\n\n\n<p>La cr\u00e9ativit\u00e9 fran\u00e7aise imprime sa marque \u00e0 travers une expression stylistique insolite : elle transforme le temps en une ressource pr\u00e9cieuse ! Les montres fran\u00e7aises sont une parfaite illustration du tr\u00e8s envi\u00e9 <em>art de vivre<\/em> fran\u00e7ais. Elles invitent, chacune \u00e0 leur mani\u00e8re, \u00e0 savourer l'instant. Reservoir rend chaque minute essentielle, pour que chaque heure compte. Beaubleu\u202fsigne une nouvelle lecture de l\u2019heure qui invente de nouveaux rep\u00e8res. Trilobe bouscule la vision traditionnelle de l'horlogerie avec une approche po\u00e9tique affranchie des aiguilles.&nbsp;&nbsp;<\/p>\n\n\n\n<p>Avec audace, l'horlogerie fran\u00e7aise casse les codes et s\u2019inscrit dans le pr\u00e9sent avec une inventivit\u00e9 toujours renouvel\u00e9e.&nbsp;&nbsp;<\/p>\n<\/div>\n\n\n\n<div class=\"wp-block-column is-layout-flow wp-block-column-is-layout-flow\">\n<figure class=\"wp-block-image size-large\"><img loading=\"lazy\" decoding=\"async\" width=\"771\" height=\"1024\" src=\"https:\/\/international.franceclat.fr\/wp-content\/uploads\/2026\/02\/DISCOVER-TIMEPIECES-2-771x1024.jpg\" alt=\"\" class=\"wp-image-45525\" srcset=\"https:\/\/international.franceclat.fr\/wp-content\/uploads\/2026\/02\/DISCOVER-TIMEPIECES-2-771x1024.jpg 771w, https:\/\/international.franceclat.fr\/wp-content\/uploads\/2026\/02\/DISCOVER-TIMEPIECES-2-278x370.jpg 278w, https:\/\/international.franceclat.fr\/wp-content\/uploads\/2026\/02\/DISCOVER-TIMEPIECES-2-768x1021.jpg 768w, https:\/\/international.franceclat.fr\/wp-content\/uploads\/2026\/02\/DISCOVER-TIMEPIECES-2-1156x1536.jpg 1156w, https:\/\/international.franceclat.fr\/wp-content\/uploads\/2026\/02\/DISCOVER-TIMEPIECES-2.jpg 1505w\" sizes=\"auto, (max-width: 771px) 100vw, 771px\" \/><\/figure>\n<\/div>\n<\/div>\n\n\n\n<div class=\"wp-block-columns tiers-img-gauche tiers-margin-right is-layout-flex wp-container-core-columns-is-layout-9d6595d7 wp-block-columns-is-layout-flex\">\n<div class=\"wp-block-column is-layout-flow wp-block-column-is-layout-flow\">\n<figure class=\"wp-block-image size-large\"><img loading=\"lazy\" decoding=\"async\" width=\"771\" height=\"1024\" src=\"https:\/\/international.franceclat.fr\/wp-content\/uploads\/2026\/02\/DISCOVER-TIMEPIECES-3-771x1024.jpg\" alt=\"\" class=\"wp-image-45527\" srcset=\"https:\/\/international.franceclat.fr\/wp-content\/uploads\/2026\/02\/DISCOVER-TIMEPIECES-3-771x1024.jpg 771w, https:\/\/international.franceclat.fr\/wp-content\/uploads\/2026\/02\/DISCOVER-TIMEPIECES-3-278x370.jpg 278w, https:\/\/international.franceclat.fr\/wp-content\/uploads\/2026\/02\/DISCOVER-TIMEPIECES-3-768x1021.jpg 768w, https:\/\/international.franceclat.fr\/wp-content\/uploads\/2026\/02\/DISCOVER-TIMEPIECES-3-1156x1536.jpg 1156w, https:\/\/international.franceclat.fr\/wp-content\/uploads\/2026\/02\/DISCOVER-TIMEPIECES-3.jpg 1505w\" sizes=\"auto, (max-width: 771px) 100vw, 771px\" \/><\/figure>\n<\/div>\n\n\n\n<div class=\"wp-block-column is-layout-flow wp-block-column-is-layout-flow\">\n<h2 class=\"wp-block-heading\">Des styles pour chaque mode de vie&nbsp;<\/h2>\n\n\n\n<p style=\"font-size:17px\">L\u2019horlogerie fran\u00e7aise s'illustre par sa pluralit\u00e9. Aux c\u00f4t\u00e9s des mod\u00e8les sign\u00e9s de marques embl\u00e9matiques comme Cartier, Bell&amp;Ross, Herm\u00e8s ou Chanel, un \u00e9ventail de montres aux styles affirm\u00e9s et innovantes permettent \u00e0 chacun d'exprimer sa singularit\u00e9.&nbsp; <\/p>\n\n\n\n<p style=\"font-size:17px\">Que le style soit sportif, urbain, raffin\u00e9, fantaisiste, rebelle ou vintage, nos montres sont \u00e0 l\u2019image de la France\u202f: ouvertes sur le monde, port\u00e9es par la diversit\u00e9, engag\u00e9es pour la libert\u00e9. Les montres fran\u00e7aises rev\u00eatent mille visages, s\u2019offrent le luxe d\u2019\u00eatre \u00e0 prix abordable ou de s\u2019inscrire dans la plus haute horlogerie. Une floraison de garde-temps\u202f<em>so-frenchy,<\/em> qui fait rayonner l'excellence fran\u00e7aise dans le monde entier.<\/p>\n\n\n\n<p><\/p>\n\n\n\n<div class=\"wp-block-buttons is-layout-flex wp-block-buttons-is-layout-flex\"><\/div>\n<\/div>\n<\/div>\n\n\n\r\n<div class=\"is-layout-flex wp-container-15 wp-block-columns align-wide quote-with-bg\" style=\"background-color:#1A243A\">\r\n    <div class=\"is-layout-flow wp-block-column padding-quote\">\r\n        <blockquote class=\"wp-block-quote\"><p>Inventive et port\u00e9e par un souffle de renouveau cr\u00e9atif, l'horlogerie fran\u00e7aise s\u2019illustre par son originalit\u00e9 et son ind\u00e9pendance d\u2019esprit. <\/p>\n<\/blockquote>\r\n\r\n        \r\n    <\/div>\r\n<\/div>\n\n\n<div class=\"wp-block-columns tiers-img-gauche tiers-margin-right is-layout-flex wp-container-core-columns-is-layout-9d6595d7 wp-block-columns-is-layout-flex\">\n<div class=\"wp-block-column is-layout-flow wp-block-column-is-layout-flow\"><\/div>\n\n\n\n<div class=\"wp-block-column is-layout-flow wp-block-column-is-layout-flow\"><\/div>\n<\/div>\n","protected":false},"excerpt":{"rendered":"<p>La culture fran\u00e7aise de l&rsquo;horlogerie&nbsp;&nbsp;&nbsp;&nbsp; La tradition horlog\u00e8re fran\u00e7aise remonte au &#8230;<\/p>\n","protected":false},"author":1,"featured_media":45521,"parent":0,"menu_order":0,"comment_status":"closed","ping_status":"closed","template":"template-filiere.php","meta":{"_acf_changed":false,"_relevanssi_hide_post":"","_relevanssi_hide_content":"","_relevanssi_pin_for_all":"","_relevanssi_pin_keywords":"","_relevanssi_unpin_keywords":"","_relevanssi_related_keywords":"","_relevanssi_related_include_ids":"","_relevanssi_related_exclude_ids":"","_relevanssi_related_no_append":"","_relevanssi_related_not_related":"","_relevanssi_related_posts":"25012,162,299","_relevanssi_noindex_reason":"","footnotes":""},"class_list":["post-18","page","type-page","status-publish","has-post-thumbnail","hentry"],"acf":[],"yoast_head":"<!-- This site is optimized with the Yoast SEO plugin v27.1.1 - https:\/\/yoast.com\/product\/yoast-seo-wordpress\/ -->\n<title>Horlogerie - FRANCECLAT INTERNATIONAL<\/title>\n<meta name=\"robots\" content=\"index, follow, max-snippet:-1, max-image-preview:large, max-video-preview:-1\" \/>\n<link rel=\"canonical\" href=\"https:\/\/international.franceclat.fr\/fr\/horlogerie\/\" \/>\n<meta property=\"og:locale\" content=\"fr_FR\" \/>\n<meta property=\"og:type\" content=\"article\" \/>\n<meta property=\"og:title\" content=\"Horlogerie - FRANCECLAT INTERNATIONAL\" \/>\n<meta property=\"og:description\" content=\"La culture fran\u00e7aise de l&#039;horlogerie&nbsp;&nbsp;&nbsp;&nbsp; La tradition horlog\u00e8re fran\u00e7aise remonte au ...\" \/>\n<meta property=\"og:url\" content=\"https:\/\/international.franceclat.fr\/fr\/horlogerie\/\" \/>\n<meta property=\"og:site_name\" content=\"FRANCECLAT INTERNATIONAL\" \/>\n<meta property=\"article:modified_time\" content=\"2026-02-05T12:00:21+00:00\" \/>\n<meta property=\"og:image\" content=\"https:\/\/international.franceclat.fr\/wp-content\/uploads\/2026\/02\/DISCOVER-TIMEPIECES-4.jpg\" \/>\n\t<meta property=\"og:image:width\" content=\"2000\" \/>\n\t<meta property=\"og:image:height\" content=\"760\" \/>\n\t<meta property=\"og:image:type\" content=\"image\/jpeg\" \/>\n<meta name=\"twitter:card\" content=\"summary_large_image\" \/>\n<meta name=\"twitter:label1\" content=\"Dur\u00e9e de lecture estim\u00e9e\" \/>\n\t<meta name=\"twitter:data1\" content=\"3 minutes\" \/>\n<script type=\"application\/ld+json\" class=\"yoast-schema-graph\">{\"@context\":\"https:\/\/schema.org\",\"@graph\":[{\"@type\":\"WebPage\",\"@id\":\"https:\/\/international.franceclat.fr\/fr\/horlogerie\/\",\"url\":\"https:\/\/international.franceclat.fr\/fr\/horlogerie\/\",\"name\":\"Horlogerie - FRANCECLAT INTERNATIONAL\",\"isPartOf\":{\"@id\":\"https:\/\/franceclat.votre-projet.com\/#website\"},\"primaryImageOfPage\":{\"@id\":\"https:\/\/international.franceclat.fr\/fr\/horlogerie\/#primaryimage\"},\"image\":{\"@id\":\"https:\/\/international.franceclat.fr\/fr\/horlogerie\/#primaryimage\"},\"thumbnailUrl\":\"https:\/\/international.franceclat.fr\/wp-content\/uploads\/2026\/02\/DISCOVER-TIMEPIECES-4.jpg\",\"datePublished\":\"2022-12-21T13:14:53+00:00\",\"dateModified\":\"2026-02-05T12:00:21+00:00\",\"breadcrumb\":{\"@id\":\"https:\/\/international.franceclat.fr\/fr\/horlogerie\/#breadcrumb\"},\"inLanguage\":\"fr-FR\",\"potentialAction\":[{\"@type\":\"ReadAction\",\"target\":[\"https:\/\/international.franceclat.fr\/fr\/horlogerie\/\"]}]},{\"@type\":\"ImageObject\",\"inLanguage\":\"fr-FR\",\"@id\":\"https:\/\/international.franceclat.fr\/fr\/horlogerie\/#primaryimage\",\"url\":\"https:\/\/international.franceclat.fr\/wp-content\/uploads\/2026\/02\/DISCOVER-TIMEPIECES-4.jpg\",\"contentUrl\":\"https:\/\/international.franceclat.fr\/wp-content\/uploads\/2026\/02\/DISCOVER-TIMEPIECES-4.jpg\",\"width\":2000,\"height\":760},{\"@type\":\"BreadcrumbList\",\"@id\":\"https:\/\/international.franceclat.fr\/fr\/horlogerie\/#breadcrumb\",\"itemListElement\":[{\"@type\":\"ListItem\",\"position\":1,\"name\":\"Accueil\",\"item\":\"https:\/\/international.franceclat.fr\/fr\/\"},{\"@type\":\"ListItem\",\"position\":2,\"name\":\"Horlogerie\"}]},{\"@type\":\"WebSite\",\"@id\":\"https:\/\/franceclat.votre-projet.com\/#website\",\"url\":\"https:\/\/franceclat.votre-projet.com\/\",\"name\":\"Franc\u00e9clat international\",\"description\":\"The path to French excellence. Watches, Jewellery, Tableware.\",\"publisher\":{\"@id\":\"https:\/\/franceclat.votre-projet.com\/#organization\"},\"alternateName\":\"Franc\u00e9clat international\",\"potentialAction\":[{\"@type\":\"SearchAction\",\"target\":{\"@type\":\"EntryPoint\",\"urlTemplate\":\"https:\/\/franceclat.votre-projet.com\/?s={search_term_string}\"},\"query-input\":{\"@type\":\"PropertyValueSpecification\",\"valueRequired\":true,\"valueName\":\"search_term_string\"}}],\"inLanguage\":\"fr-FR\"},{\"@type\":\"Organization\",\"@id\":\"https:\/\/franceclat.votre-projet.com\/#organization\",\"name\":\"Franc\u00e9clat international\",\"url\":\"https:\/\/franceclat.votre-projet.com\/\",\"logo\":{\"@type\":\"ImageObject\",\"inLanguage\":\"fr-FR\",\"@id\":\"https:\/\/franceclat.votre-projet.com\/#\/schema\/logo\/image\/\",\"url\":\"https:\/\/international.franceclat.fr\/wp-content\/uploads\/2023\/02\/Logo-Franceclat.png\",\"contentUrl\":\"https:\/\/international.franceclat.fr\/wp-content\/uploads\/2023\/02\/Logo-Franceclat.png\",\"width\":1667,\"height\":1667,\"caption\":\"Franc\u00e9clat international\"},\"image\":{\"@id\":\"https:\/\/franceclat.votre-projet.com\/#\/schema\/logo\/image\/\"},\"sameAs\":[\"https:\/\/www.linkedin.com\/company\/franceclat-international\/\"]}]}<\/script>\n<!-- \/ Yoast SEO plugin. -->","yoast_head_json":{"title":"Horlogerie - FRANCECLAT INTERNATIONAL","robots":{"index":"index","follow":"follow","max-snippet":"max-snippet:-1","max-image-preview":"max-image-preview:large","max-video-preview":"max-video-preview:-1"},"canonical":"https:\/\/international.franceclat.fr\/fr\/horlogerie\/","og_locale":"fr_FR","og_type":"article","og_title":"Horlogerie - FRANCECLAT INTERNATIONAL","og_description":"La culture fran\u00e7aise de l'horlogerie&nbsp;&nbsp;&nbsp;&nbsp; La tradition horlog\u00e8re fran\u00e7aise remonte au ...","og_url":"https:\/\/international.franceclat.fr\/fr\/horlogerie\/","og_site_name":"FRANCECLAT INTERNATIONAL","article_modified_time":"2026-02-05T12:00:21+00:00","og_image":[{"width":2000,"height":760,"url":"https:\/\/international.franceclat.fr\/wp-content\/uploads\/2026\/02\/DISCOVER-TIMEPIECES-4.jpg","type":"image\/jpeg"}],"twitter_card":"summary_large_image","twitter_misc":{"Dur\u00e9e de lecture estim\u00e9e":"3 minutes"},"schema":{"@context":"https:\/\/schema.org","@graph":[{"@type":"WebPage","@id":"https:\/\/international.franceclat.fr\/fr\/horlogerie\/","url":"https:\/\/international.franceclat.fr\/fr\/horlogerie\/","name":"Horlogerie - FRANCECLAT INTERNATIONAL","isPartOf":{"@id":"https:\/\/franceclat.votre-projet.com\/#website"},"primaryImageOfPage":{"@id":"https:\/\/international.franceclat.fr\/fr\/horlogerie\/#primaryimage"},"image":{"@id":"https:\/\/international.franceclat.fr\/fr\/horlogerie\/#primaryimage"},"thumbnailUrl":"https:\/\/international.franceclat.fr\/wp-content\/uploads\/2026\/02\/DISCOVER-TIMEPIECES-4.jpg","datePublished":"2022-12-21T13:14:53+00:00","dateModified":"2026-02-05T12:00:21+00:00","breadcrumb":{"@id":"https:\/\/international.franceclat.fr\/fr\/horlogerie\/#breadcrumb"},"inLanguage":"fr-FR","potentialAction":[{"@type":"ReadAction","target":["https:\/\/international.franceclat.fr\/fr\/horlogerie\/"]}]},{"@type":"ImageObject","inLanguage":"fr-FR","@id":"https:\/\/international.franceclat.fr\/fr\/horlogerie\/#primaryimage","url":"https:\/\/international.franceclat.fr\/wp-content\/uploads\/2026\/02\/DISCOVER-TIMEPIECES-4.jpg","contentUrl":"https:\/\/international.franceclat.fr\/wp-content\/uploads\/2026\/02\/DISCOVER-TIMEPIECES-4.jpg","width":2000,"height":760},{"@type":"BreadcrumbList","@id":"https:\/\/international.franceclat.fr\/fr\/horlogerie\/#breadcrumb","itemListElement":[{"@type":"ListItem","position":1,"name":"Accueil","item":"https:\/\/international.franceclat.fr\/fr\/"},{"@type":"ListItem","position":2,"name":"Horlogerie"}]},{"@type":"WebSite","@id":"https:\/\/franceclat.votre-projet.com\/#website","url":"https:\/\/franceclat.votre-projet.com\/","name":"Franc\u00e9clat international","description":"The path to French excellence. Watches, Jewellery, Tableware.","publisher":{"@id":"https:\/\/franceclat.votre-projet.com\/#organization"},"alternateName":"Franc\u00e9clat international","potentialAction":[{"@type":"SearchAction","target":{"@type":"EntryPoint","urlTemplate":"https:\/\/franceclat.votre-projet.com\/?s={search_term_string}"},"query-input":{"@type":"PropertyValueSpecification","valueRequired":true,"valueName":"search_term_string"}}],"inLanguage":"fr-FR"},{"@type":"Organization","@id":"https:\/\/franceclat.votre-projet.com\/#organization","name":"Franc\u00e9clat international","url":"https:\/\/franceclat.votre-projet.com\/","logo":{"@type":"ImageObject","inLanguage":"fr-FR","@id":"https:\/\/franceclat.votre-projet.com\/#\/schema\/logo\/image\/","url":"https:\/\/international.franceclat.fr\/wp-content\/uploads\/2023\/02\/Logo-Franceclat.png","contentUrl":"https:\/\/international.franceclat.fr\/wp-content\/uploads\/2023\/02\/Logo-Franceclat.png","width":1667,"height":1667,"caption":"Franc\u00e9clat international"},"image":{"@id":"https:\/\/franceclat.votre-projet.com\/#\/schema\/logo\/image\/"},"sameAs":["https:\/\/www.linkedin.com\/company\/franceclat-international\/"]}]}},"_links":{"self":[{"href":"https:\/\/international.franceclat.fr\/fr\/wp-json\/wp\/v2\/pages\/18","targetHints":{"allow":["GET"]}}],"collection":[{"href":"https:\/\/international.franceclat.fr\/fr\/wp-json\/wp\/v2\/pages"}],"about":[{"href":"https:\/\/international.franceclat.fr\/fr\/wp-json\/wp\/v2\/types\/page"}],"author":[{"embeddable":true,"href":"https:\/\/international.franceclat.fr\/fr\/wp-json\/wp\/v2\/users\/1"}],"replies":[{"embeddable":true,"href":"https:\/\/international.franceclat.fr\/fr\/wp-json\/wp\/v2\/comments?post=18"}],"version-history":[{"count":6,"href":"https:\/\/international.franceclat.fr\/fr\/wp-json\/wp\/v2\/pages\/18\/revisions"}],"predecessor-version":[{"id":45530,"href":"https:\/\/international.franceclat.fr\/fr\/wp-json\/wp\/v2\/pages\/18\/revisions\/45530"}],"wp:featuredmedia":[{"embeddable":true,"href":"https:\/\/international.franceclat.fr\/fr\/wp-json\/wp\/v2\/media\/45521"}],"wp:attachment":[{"href":"https:\/\/international.franceclat.fr\/fr\/wp-json\/wp\/v2\/media?parent=18"}],"curies":[{"name":"wp","href":"https:\/\/api.w.org\/{rel}","templated":true}]}}