{"id":20,"date":"2022-12-21T14:15:35","date_gmt":"2022-12-21T13:15:35","guid":{"rendered":"https:\/\/international.franceclat.fr\/?page_id=20"},"modified":"2026-02-05T12:58:30","modified_gmt":"2026-02-05T11:58:30","slug":"bijouterie-joaillerie","status":"publish","type":"page","link":"https:\/\/international.franceclat.fr\/fr\/bijouterie-joaillerie\/","title":{"rendered":"Bijouterie &#038; Joaillerie"},"content":{"rendered":"\n<div class=\"wp-block-columns tiers-img-gauche tiers-margin-right is-layout-flex wp-container-core-columns-is-layout-9d6595d7 wp-block-columns-is-layout-flex\">\n<div class=\"wp-block-column is-layout-flow wp-block-column-is-layout-flow\">\n<figure class=\"wp-block-image size-large\"><img loading=\"lazy\" decoding=\"async\" width=\"771\" height=\"1024\" src=\"https:\/\/international.franceclat.fr\/wp-content\/uploads\/2026\/02\/DISCOVER-JEWELLERY-1-771x1024.jpg\" alt=\"\" class=\"wp-image-45514\" srcset=\"https:\/\/international.franceclat.fr\/wp-content\/uploads\/2026\/02\/DISCOVER-JEWELLERY-1-771x1024.jpg 771w, https:\/\/international.franceclat.fr\/wp-content\/uploads\/2026\/02\/DISCOVER-JEWELLERY-1-278x370.jpg 278w, https:\/\/international.franceclat.fr\/wp-content\/uploads\/2026\/02\/DISCOVER-JEWELLERY-1-768x1021.jpg 768w, https:\/\/international.franceclat.fr\/wp-content\/uploads\/2026\/02\/DISCOVER-JEWELLERY-1-1156x1536.jpg 1156w, https:\/\/international.franceclat.fr\/wp-content\/uploads\/2026\/02\/DISCOVER-JEWELLERY-1.jpg 1505w\" sizes=\"auto, (max-width: 771px) 100vw, 771px\" \/><\/figure>\n<\/div>\n\n\n\n<div class=\"wp-block-column is-layout-flow wp-block-column-is-layout-flow\">\n<h2 class=\"wp-block-heading\">La passion fran\u00e7aise pour le sublime\u202f<\/h2>\n\n\n\n<p style=\"font-size:17px\">La joaillerie fran\u00e7aise s\u2019est impos\u00e9e mondialement au fil des si\u00e8cles comme la r\u00e9f\u00e9rence ultime du luxe.\u202fSon histoire est intimement li\u00e9e avec celle de Paris et de la place Vend\u00f4me, o\u00f9 s'installa en 1893 le premier grand joaillier, et o\u00f9 naquirent certains bijoux cultes : la bague Trinity de Cartier, la bague Quatre de Boucheron, les tiares de Chaumet ou encore le collier Zip de Van Cleef &amp; Arpels. Aux c\u00f4t\u00e9s des grandes maisons parisiennes, c'est l'immense cr\u00e9ativit\u00e9 de ses 2 000 ateliers et artisans de bijouterie-joaillerie qui font la fiert\u00e9 de la France \u2013 et sa r\u00e9putation.\u202f&nbsp;<\/p>\n<\/div>\n<\/div>\n\n\n\n<div class=\"wp-block-columns tiers-img-droite tiers-margin-left reverse-bloc-img-right is-layout-flex wp-container-core-columns-is-layout-9d6595d7 wp-block-columns-is-layout-flex\">\n<div class=\"wp-block-column is-layout-flow wp-block-column-is-layout-flow\">\n<h2 class=\"wp-block-heading\">Un artisanat authentique et pr\u00e9cieux\u202f&nbsp;<\/h2>\n\n\n\n<p style=\"font-size:17px\">L\u2019art de la bijouterie-joaillerie fran\u00e7aise voit ses codes \u00e9voluer \u00e0 travers le temps au m\u00eame titre que les divers courants artistiques. La France a en effet toujours su attirer de nouveaux talents et int\u00e9grer de multiples influences pour r\u00e9inventer les styles, donner une seconde vie \u00e0 d\u2019anciens bijoux, oser des assemblages in\u00e9dits et des mat\u00e9riaux nouveaux. Des maisons nouvelle g\u00e9n\u00e9ration s\u2019imposent dans ce pr\u00e9cieux paysage.\u202f Messika perp\u00e9tue le savoir-faire traditionnel \u00e0 travers des joyaux contemporains et rock.\u202f Pers\u00e9e Paris s'affranchit des codes de la joaillerie et imagine une autre fa\u00e7on de sublimer les diamants. Akillis d\u00e9tourne des objets du quotidien en artefacts pr\u00e9cieux. Les bijoux Le Gramme parent les poignets masculins.\u202f\u202f&nbsp;<\/p>\n<\/div>\n\n\n\n<div class=\"wp-block-column is-layout-flow wp-block-column-is-layout-flow\">\n<figure class=\"wp-block-image size-large\"><img loading=\"lazy\" decoding=\"async\" width=\"771\" height=\"1024\" src=\"https:\/\/international.franceclat.fr\/wp-content\/uploads\/2026\/02\/DISCOVER-JEWELLERY-2-771x1024.jpg\" alt=\"\" class=\"wp-image-45516\" srcset=\"https:\/\/international.franceclat.fr\/wp-content\/uploads\/2026\/02\/DISCOVER-JEWELLERY-2-771x1024.jpg 771w, https:\/\/international.franceclat.fr\/wp-content\/uploads\/2026\/02\/DISCOVER-JEWELLERY-2-278x370.jpg 278w, https:\/\/international.franceclat.fr\/wp-content\/uploads\/2026\/02\/DISCOVER-JEWELLERY-2-768x1021.jpg 768w, https:\/\/international.franceclat.fr\/wp-content\/uploads\/2026\/02\/DISCOVER-JEWELLERY-2-1156x1536.jpg 1156w, https:\/\/international.franceclat.fr\/wp-content\/uploads\/2026\/02\/DISCOVER-JEWELLERY-2.jpg 1505w\" sizes=\"auto, (max-width: 771px) 100vw, 771px\" \/><\/figure>\n<\/div>\n<\/div>\n\n\n\n<div class=\"wp-block-columns tiers-img-gauche tiers-margin-right is-layout-flex wp-container-core-columns-is-layout-9d6595d7 wp-block-columns-is-layout-flex\">\n<div class=\"wp-block-column is-layout-flow wp-block-column-is-layout-flow\">\n<figure class=\"wp-block-image size-large\"><img loading=\"lazy\" decoding=\"async\" width=\"771\" height=\"1024\" src=\"https:\/\/international.franceclat.fr\/wp-content\/uploads\/2026\/02\/DISCOVER-JEWELLERY-3-771x1024.jpg\" alt=\"\" class=\"wp-image-45518\" srcset=\"https:\/\/international.franceclat.fr\/wp-content\/uploads\/2026\/02\/DISCOVER-JEWELLERY-3-771x1024.jpg 771w, https:\/\/international.franceclat.fr\/wp-content\/uploads\/2026\/02\/DISCOVER-JEWELLERY-3-278x370.jpg 278w, https:\/\/international.franceclat.fr\/wp-content\/uploads\/2026\/02\/DISCOVER-JEWELLERY-3-768x1021.jpg 768w, https:\/\/international.franceclat.fr\/wp-content\/uploads\/2026\/02\/DISCOVER-JEWELLERY-3-1156x1536.jpg 1156w, https:\/\/international.franceclat.fr\/wp-content\/uploads\/2026\/02\/DISCOVER-JEWELLERY-3.jpg 1505w\" sizes=\"auto, (max-width: 771px) 100vw, 771px\" \/><\/figure>\n<\/div>\n\n\n\n<div class=\"wp-block-column is-layout-flow wp-block-column-is-layout-flow\">\n<h2 class=\"wp-block-heading\">L\u2019infinie diversit\u00e9 des bijoux pr\u00e9cieux et des bijoux fantaisie&nbsp;<\/h2>\n\n\n\n<p style=\"font-size:17px\">La joaillerie fran\u00e7aise s\u2019est impos\u00e9e mondialement au fil des si\u00e8cles comme la r\u00e9f\u00e9rence ultime du luxe.\u202fSon histoire est intimement li\u00e9e avec celle de Paris et de la place Vend\u00f4me, o\u00f9 s'installa en 1893 le premier grand joaillier, et o\u00f9 naquirent certains bijoux cultes : la bague Trinity de Cartier, la bague Quatre de Boucheron, les tiares de Chaumet ou encore le collier Zip de Van Cleef &amp; Arpels. Aux c\u00f4t\u00e9s des grandes maisons parisiennes, c'est l'immense cr\u00e9ativit\u00e9 de ses 2 000 ateliers et artisans de bijouterie-joaillerie qui font la fiert\u00e9 de la France \u2013 et sa r\u00e9putation.\u202f&nbsp;<\/p>\n<\/div>\n<\/div>\n\n\n\r\n<div class=\"is-layout-flex wp-container-15 wp-block-columns align-wide quote-with-bg\" style=\"background-color:#1A243A\">\r\n    <div class=\"is-layout-flow wp-block-column padding-quote\">\r\n        <blockquote class=\"wp-block-quote\"><p>Inventifs, innovants, habiles, les bijoutiers-joailliers fran\u00e7ais font rayonner des \u00e9clats de r\u00eave \u00e0 travers le monde. Leur forte sensibilit\u00e9 artistique donne naissance \u00e0 des styles uniques et \u00e9clectiques prenant leurs sources dans un savoir-faire d\u2019exception\u202f.<\/p>\n<\/blockquote>\r\n\r\n        \r\n    <\/div>\r\n<\/div>","protected":false},"excerpt":{"rendered":"<p>La passion fran\u00e7aise pour le sublime\u202f La joaillerie fran\u00e7aise s\u2019est impos\u00e9e &#8230;<\/p>\n","protected":false},"author":1,"featured_media":45512,"parent":0,"menu_order":0,"comment_status":"closed","ping_status":"closed","template":"template-filiere.php","meta":{"_acf_changed":false,"_relevanssi_hide_post":"","_relevanssi_hide_content":"","_relevanssi_pin_for_all":"","_relevanssi_pin_keywords":"","_relevanssi_unpin_keywords":"","_relevanssi_related_keywords":"","_relevanssi_related_include_ids":"","_relevanssi_related_exclude_ids":"","_relevanssi_related_no_append":"","_relevanssi_related_not_related":"","_relevanssi_related_posts":"25012,162,299","_relevanssi_noindex_reason":"","footnotes":""},"class_list":["post-20","page","type-page","status-publish","has-post-thumbnail","hentry"],"acf":[],"yoast_head":"<!-- This site is optimized with the Yoast SEO plugin v27.1.1 - https:\/\/yoast.com\/product\/yoast-seo-wordpress\/ -->\n<title>Bijouterie &amp; Joaillerie - FRANCECLAT INTERNATIONAL<\/title>\n<meta name=\"description\" content=\"L\u2019excellence des fili\u00e8res fran\u00e7aises de bijouterie-joaillerie est nourrie par des savoir-faire d\u2019exception, des cr\u00e9ateurs de renom et une haute-fantaisie en constant renouvellement. Son v\u00e9ritable travail d\u2019orf\u00e8vre, inimitable et pr\u00e9cieux, fait de la France une r\u00e9f\u00e9rence mondiale du luxe et de la cr\u00e9ativit\u00e9.\" \/>\n<meta name=\"robots\" content=\"index, follow, max-snippet:-1, max-image-preview:large, max-video-preview:-1\" \/>\n<link rel=\"canonical\" href=\"https:\/\/international.franceclat.fr\/fr\/bijouterie-joaillerie\/\" \/>\n<meta property=\"og:locale\" content=\"fr_FR\" \/>\n<meta property=\"og:type\" content=\"article\" \/>\n<meta property=\"og:title\" content=\"Bijouterie &amp; Joaillerie - FRANCECLAT INTERNATIONAL\" \/>\n<meta property=\"og:description\" content=\"L\u2019excellence des fili\u00e8res fran\u00e7aises de bijouterie-joaillerie est nourrie par des savoir-faire d\u2019exception, des cr\u00e9ateurs de renom et une haute-fantaisie en constant renouvellement. Son v\u00e9ritable travail d\u2019orf\u00e8vre, inimitable et pr\u00e9cieux, fait de la France une r\u00e9f\u00e9rence mondiale du luxe et de la cr\u00e9ativit\u00e9.\" \/>\n<meta property=\"og:url\" content=\"https:\/\/international.franceclat.fr\/fr\/bijouterie-joaillerie\/\" \/>\n<meta property=\"og:site_name\" content=\"FRANCECLAT INTERNATIONAL\" \/>\n<meta property=\"article:modified_time\" content=\"2026-02-05T11:58:30+00:00\" \/>\n<meta property=\"og:image\" content=\"https:\/\/international.franceclat.fr\/wp-content\/uploads\/2026\/02\/DISCOVER-JEWELLERY-4.jpg\" \/>\n\t<meta property=\"og:image:width\" content=\"2000\" \/>\n\t<meta property=\"og:image:height\" content=\"760\" \/>\n\t<meta property=\"og:image:type\" content=\"image\/jpeg\" \/>\n<meta name=\"twitter:card\" content=\"summary_large_image\" \/>\n<meta name=\"twitter:label1\" content=\"Dur\u00e9e de lecture estim\u00e9e\" \/>\n\t<meta name=\"twitter:data1\" content=\"3 minutes\" \/>\n<script type=\"application\/ld+json\" class=\"yoast-schema-graph\">{\"@context\":\"https:\/\/schema.org\",\"@graph\":[{\"@type\":\"WebPage\",\"@id\":\"https:\/\/international.franceclat.fr\/fr\/bijouterie-joaillerie\/\",\"url\":\"https:\/\/international.franceclat.fr\/fr\/bijouterie-joaillerie\/\",\"name\":\"Bijouterie & Joaillerie - FRANCECLAT INTERNATIONAL\",\"isPartOf\":{\"@id\":\"https:\/\/franceclat.votre-projet.com\/#website\"},\"primaryImageOfPage\":{\"@id\":\"https:\/\/international.franceclat.fr\/fr\/bijouterie-joaillerie\/#primaryimage\"},\"image\":{\"@id\":\"https:\/\/international.franceclat.fr\/fr\/bijouterie-joaillerie\/#primaryimage\"},\"thumbnailUrl\":\"https:\/\/international.franceclat.fr\/wp-content\/uploads\/2026\/02\/DISCOVER-JEWELLERY-4.jpg\",\"datePublished\":\"2022-12-21T13:15:35+00:00\",\"dateModified\":\"2026-02-05T11:58:30+00:00\",\"description\":\"L\u2019excellence des fili\u00e8res fran\u00e7aises de bijouterie-joaillerie est nourrie par des savoir-faire d\u2019exception, des cr\u00e9ateurs de renom et une haute-fantaisie en constant renouvellement. Son v\u00e9ritable travail d\u2019orf\u00e8vre, inimitable et pr\u00e9cieux, fait de la France une r\u00e9f\u00e9rence mondiale du luxe et de la cr\u00e9ativit\u00e9.\",\"breadcrumb\":{\"@id\":\"https:\/\/international.franceclat.fr\/fr\/bijouterie-joaillerie\/#breadcrumb\"},\"inLanguage\":\"fr-FR\",\"potentialAction\":[{\"@type\":\"ReadAction\",\"target\":[\"https:\/\/international.franceclat.fr\/fr\/bijouterie-joaillerie\/\"]}]},{\"@type\":\"ImageObject\",\"inLanguage\":\"fr-FR\",\"@id\":\"https:\/\/international.franceclat.fr\/fr\/bijouterie-joaillerie\/#primaryimage\",\"url\":\"https:\/\/international.franceclat.fr\/wp-content\/uploads\/2026\/02\/DISCOVER-JEWELLERY-4.jpg\",\"contentUrl\":\"https:\/\/international.franceclat.fr\/wp-content\/uploads\/2026\/02\/DISCOVER-JEWELLERY-4.jpg\",\"width\":2000,\"height\":760},{\"@type\":\"BreadcrumbList\",\"@id\":\"https:\/\/international.franceclat.fr\/fr\/bijouterie-joaillerie\/#breadcrumb\",\"itemListElement\":[{\"@type\":\"ListItem\",\"position\":1,\"name\":\"Accueil\",\"item\":\"https:\/\/international.franceclat.fr\/fr\/\"},{\"@type\":\"ListItem\",\"position\":2,\"name\":\"Bijouterie &#038; Joaillerie\"}]},{\"@type\":\"WebSite\",\"@id\":\"https:\/\/franceclat.votre-projet.com\/#website\",\"url\":\"https:\/\/franceclat.votre-projet.com\/\",\"name\":\"Franc\u00e9clat international\",\"description\":\"The path to French excellence. Watches, Jewellery, Tableware.\",\"publisher\":{\"@id\":\"https:\/\/franceclat.votre-projet.com\/#organization\"},\"alternateName\":\"Franc\u00e9clat international\",\"potentialAction\":[{\"@type\":\"SearchAction\",\"target\":{\"@type\":\"EntryPoint\",\"urlTemplate\":\"https:\/\/franceclat.votre-projet.com\/?s={search_term_string}\"},\"query-input\":{\"@type\":\"PropertyValueSpecification\",\"valueRequired\":true,\"valueName\":\"search_term_string\"}}],\"inLanguage\":\"fr-FR\"},{\"@type\":\"Organization\",\"@id\":\"https:\/\/franceclat.votre-projet.com\/#organization\",\"name\":\"Franc\u00e9clat international\",\"url\":\"https:\/\/franceclat.votre-projet.com\/\",\"logo\":{\"@type\":\"ImageObject\",\"inLanguage\":\"fr-FR\",\"@id\":\"https:\/\/franceclat.votre-projet.com\/#\/schema\/logo\/image\/\",\"url\":\"https:\/\/international.franceclat.fr\/wp-content\/uploads\/2023\/02\/Logo-Franceclat.png\",\"contentUrl\":\"https:\/\/international.franceclat.fr\/wp-content\/uploads\/2023\/02\/Logo-Franceclat.png\",\"width\":1667,\"height\":1667,\"caption\":\"Franc\u00e9clat international\"},\"image\":{\"@id\":\"https:\/\/franceclat.votre-projet.com\/#\/schema\/logo\/image\/\"},\"sameAs\":[\"https:\/\/www.linkedin.com\/company\/franceclat-international\/\"]}]}<\/script>\n<!-- \/ Yoast SEO plugin. -->","yoast_head_json":{"title":"Bijouterie & Joaillerie - FRANCECLAT INTERNATIONAL","description":"L\u2019excellence des fili\u00e8res fran\u00e7aises de bijouterie-joaillerie est nourrie par des savoir-faire d\u2019exception, des cr\u00e9ateurs de renom et une haute-fantaisie en constant renouvellement. Son v\u00e9ritable travail d\u2019orf\u00e8vre, inimitable et pr\u00e9cieux, fait de la France une r\u00e9f\u00e9rence mondiale du luxe et de la cr\u00e9ativit\u00e9.","robots":{"index":"index","follow":"follow","max-snippet":"max-snippet:-1","max-image-preview":"max-image-preview:large","max-video-preview":"max-video-preview:-1"},"canonical":"https:\/\/international.franceclat.fr\/fr\/bijouterie-joaillerie\/","og_locale":"fr_FR","og_type":"article","og_title":"Bijouterie & Joaillerie - FRANCECLAT INTERNATIONAL","og_description":"L\u2019excellence des fili\u00e8res fran\u00e7aises de bijouterie-joaillerie est nourrie par des savoir-faire d\u2019exception, des cr\u00e9ateurs de renom et une haute-fantaisie en constant renouvellement. Son v\u00e9ritable travail d\u2019orf\u00e8vre, inimitable et pr\u00e9cieux, fait de la France une r\u00e9f\u00e9rence mondiale du luxe et de la cr\u00e9ativit\u00e9.","og_url":"https:\/\/international.franceclat.fr\/fr\/bijouterie-joaillerie\/","og_site_name":"FRANCECLAT INTERNATIONAL","article_modified_time":"2026-02-05T11:58:30+00:00","og_image":[{"width":2000,"height":760,"url":"https:\/\/international.franceclat.fr\/wp-content\/uploads\/2026\/02\/DISCOVER-JEWELLERY-4.jpg","type":"image\/jpeg"}],"twitter_card":"summary_large_image","twitter_misc":{"Dur\u00e9e de lecture estim\u00e9e":"3 minutes"},"schema":{"@context":"https:\/\/schema.org","@graph":[{"@type":"WebPage","@id":"https:\/\/international.franceclat.fr\/fr\/bijouterie-joaillerie\/","url":"https:\/\/international.franceclat.fr\/fr\/bijouterie-joaillerie\/","name":"Bijouterie & Joaillerie - FRANCECLAT INTERNATIONAL","isPartOf":{"@id":"https:\/\/franceclat.votre-projet.com\/#website"},"primaryImageOfPage":{"@id":"https:\/\/international.franceclat.fr\/fr\/bijouterie-joaillerie\/#primaryimage"},"image":{"@id":"https:\/\/international.franceclat.fr\/fr\/bijouterie-joaillerie\/#primaryimage"},"thumbnailUrl":"https:\/\/international.franceclat.fr\/wp-content\/uploads\/2026\/02\/DISCOVER-JEWELLERY-4.jpg","datePublished":"2022-12-21T13:15:35+00:00","dateModified":"2026-02-05T11:58:30+00:00","description":"L\u2019excellence des fili\u00e8res fran\u00e7aises de bijouterie-joaillerie est nourrie par des savoir-faire d\u2019exception, des cr\u00e9ateurs de renom et une haute-fantaisie en constant renouvellement. Son v\u00e9ritable travail d\u2019orf\u00e8vre, inimitable et pr\u00e9cieux, fait de la France une r\u00e9f\u00e9rence mondiale du luxe et de la cr\u00e9ativit\u00e9.","breadcrumb":{"@id":"https:\/\/international.franceclat.fr\/fr\/bijouterie-joaillerie\/#breadcrumb"},"inLanguage":"fr-FR","potentialAction":[{"@type":"ReadAction","target":["https:\/\/international.franceclat.fr\/fr\/bijouterie-joaillerie\/"]}]},{"@type":"ImageObject","inLanguage":"fr-FR","@id":"https:\/\/international.franceclat.fr\/fr\/bijouterie-joaillerie\/#primaryimage","url":"https:\/\/international.franceclat.fr\/wp-content\/uploads\/2026\/02\/DISCOVER-JEWELLERY-4.jpg","contentUrl":"https:\/\/international.franceclat.fr\/wp-content\/uploads\/2026\/02\/DISCOVER-JEWELLERY-4.jpg","width":2000,"height":760},{"@type":"BreadcrumbList","@id":"https:\/\/international.franceclat.fr\/fr\/bijouterie-joaillerie\/#breadcrumb","itemListElement":[{"@type":"ListItem","position":1,"name":"Accueil","item":"https:\/\/international.franceclat.fr\/fr\/"},{"@type":"ListItem","position":2,"name":"Bijouterie &#038; Joaillerie"}]},{"@type":"WebSite","@id":"https:\/\/franceclat.votre-projet.com\/#website","url":"https:\/\/franceclat.votre-projet.com\/","name":"Franc\u00e9clat international","description":"The path to French excellence. Watches, Jewellery, Tableware.","publisher":{"@id":"https:\/\/franceclat.votre-projet.com\/#organization"},"alternateName":"Franc\u00e9clat international","potentialAction":[{"@type":"SearchAction","target":{"@type":"EntryPoint","urlTemplate":"https:\/\/franceclat.votre-projet.com\/?s={search_term_string}"},"query-input":{"@type":"PropertyValueSpecification","valueRequired":true,"valueName":"search_term_string"}}],"inLanguage":"fr-FR"},{"@type":"Organization","@id":"https:\/\/franceclat.votre-projet.com\/#organization","name":"Franc\u00e9clat international","url":"https:\/\/franceclat.votre-projet.com\/","logo":{"@type":"ImageObject","inLanguage":"fr-FR","@id":"https:\/\/franceclat.votre-projet.com\/#\/schema\/logo\/image\/","url":"https:\/\/international.franceclat.fr\/wp-content\/uploads\/2023\/02\/Logo-Franceclat.png","contentUrl":"https:\/\/international.franceclat.fr\/wp-content\/uploads\/2023\/02\/Logo-Franceclat.png","width":1667,"height":1667,"caption":"Franc\u00e9clat international"},"image":{"@id":"https:\/\/franceclat.votre-projet.com\/#\/schema\/logo\/image\/"},"sameAs":["https:\/\/www.linkedin.com\/company\/franceclat-international\/"]}]}},"_links":{"self":[{"href":"https:\/\/international.franceclat.fr\/fr\/wp-json\/wp\/v2\/pages\/20","targetHints":{"allow":["GET"]}}],"collection":[{"href":"https:\/\/international.franceclat.fr\/fr\/wp-json\/wp\/v2\/pages"}],"about":[{"href":"https:\/\/international.franceclat.fr\/fr\/wp-json\/wp\/v2\/types\/page"}],"author":[{"embeddable":true,"href":"https:\/\/international.franceclat.fr\/fr\/wp-json\/wp\/v2\/users\/1"}],"replies":[{"embeddable":true,"href":"https:\/\/international.franceclat.fr\/fr\/wp-json\/wp\/v2\/comments?post=20"}],"version-history":[{"count":6,"href":"https:\/\/international.franceclat.fr\/fr\/wp-json\/wp\/v2\/pages\/20\/revisions"}],"predecessor-version":[{"id":45520,"href":"https:\/\/international.franceclat.fr\/fr\/wp-json\/wp\/v2\/pages\/20\/revisions\/45520"}],"wp:featuredmedia":[{"embeddable":true,"href":"https:\/\/international.franceclat.fr\/fr\/wp-json\/wp\/v2\/media\/45512"}],"wp:attachment":[{"href":"https:\/\/international.franceclat.fr\/fr\/wp-json\/wp\/v2\/media?parent=20"}],"curies":[{"name":"wp","href":"https:\/\/api.w.org\/{rel}","templated":true}]}}