{"id":24,"date":"2022-12-21T15:42:37","date_gmt":"2022-12-21T14:42:37","guid":{"rendered":"https:\/\/international.franceclat.fr\/?page_id=24"},"modified":"2026-02-05T12:57:03","modified_gmt":"2026-02-05T11:57:03","slug":"arts-de-la-table","status":"publish","type":"page","link":"https:\/\/international.franceclat.fr\/fr\/arts-de-la-table\/","title":{"rendered":"Arts de la table"},"content":{"rendered":"\n<div class=\"wp-block-columns tiers-img-droite tiers-margin-left reverse-bloc-img-right is-layout-flex wp-container-core-columns-is-layout-9d6595d7 wp-block-columns-is-layout-flex\">\n<div class=\"wp-block-column is-layout-flow wp-block-column-is-layout-flow\">\n<h2 class=\"wp-block-heading\">L\u2019art de la table\u202f: une histoire fran\u00e7aise.<\/h2>\n\n\n\n<p style=\"font-size:17px\">Les arts de la table font partie du patrimoine culturel de la France. Indissociables de la gastronomie, ils ont dessin\u00e9 l'excellence fran\u00e7aise \u00e0 travers le monde depuis le XVIe si\u00e8cle. La l\u00e9gende veut que Henri III et Catherine de M\u00e9dicis aient introduit l\u2019usage de la fourchette dans l\u2019aristocratie. Invit\u00e9s \u00e0 la table des rois et des grands seigneurs du monde entier, les arts de la table fran\u00e7ais illuminent aujourd\u2019hui les restaurants \u00e9toil\u00e9s et les plus belles brasseries. Ils mettent \u00e0 l\u2019honneur des savoir-faire s\u00e9culaires : porcelaine, fa\u00efence, coutellerie, orf\u00e8vrerie, verrerie. Reconnu par l\u2019UNESCO en 2010, le repas gastronomique <em>\u00e0 la fran\u00e7aise<\/em>, une exp\u00e9rience de partage convivial avec ses rituels et sa pr\u00e9sentation, a rejoint la liste du patrimoine immat\u00e9riel de l\u2019Humanit\u00e9.\u202f\u202f&nbsp;<\/p>\n\n\n\n<div class=\"wp-block-buttons is-layout-flex wp-block-buttons-is-layout-flex\"><\/div>\n<\/div>\n\n\n\n<div class=\"wp-block-column is-layout-flow wp-block-column-is-layout-flow\">\n<figure class=\"wp-block-image size-large\"><img loading=\"lazy\" decoding=\"async\" width=\"771\" height=\"1024\" src=\"https:\/\/international.franceclat.fr\/wp-content\/uploads\/2026\/02\/DISCOVER-TABLEWARE-1-771x1024.jpg\" alt=\"\" class=\"wp-image-45504\" srcset=\"https:\/\/international.franceclat.fr\/wp-content\/uploads\/2026\/02\/DISCOVER-TABLEWARE-1-771x1024.jpg 771w, https:\/\/international.franceclat.fr\/wp-content\/uploads\/2026\/02\/DISCOVER-TABLEWARE-1-278x370.jpg 278w, https:\/\/international.franceclat.fr\/wp-content\/uploads\/2026\/02\/DISCOVER-TABLEWARE-1-768x1021.jpg 768w, https:\/\/international.franceclat.fr\/wp-content\/uploads\/2026\/02\/DISCOVER-TABLEWARE-1-1156x1536.jpg 1156w, https:\/\/international.franceclat.fr\/wp-content\/uploads\/2026\/02\/DISCOVER-TABLEWARE-1.jpg 1505w\" sizes=\"auto, (max-width: 771px) 100vw, 771px\" \/><\/figure>\n\n\n\n<p><\/p>\n<\/div>\n<\/div>\n\n\n\n<div class=\"wp-block-columns tiers-img-gauche tiers-margin-right is-layout-flex wp-container-core-columns-is-layout-9d6595d7 wp-block-columns-is-layout-flex\">\n<div class=\"wp-block-column is-layout-flow wp-block-column-is-layout-flow\">\n<figure class=\"wp-block-image size-large\"><img loading=\"lazy\" decoding=\"async\" width=\"771\" height=\"1024\" src=\"https:\/\/international.franceclat.fr\/wp-content\/uploads\/2026\/02\/DISCOVER-TABLEWARE-2-771x1024.jpg\" alt=\"\" class=\"wp-image-45506\" srcset=\"https:\/\/international.franceclat.fr\/wp-content\/uploads\/2026\/02\/DISCOVER-TABLEWARE-2-771x1024.jpg 771w, https:\/\/international.franceclat.fr\/wp-content\/uploads\/2026\/02\/DISCOVER-TABLEWARE-2-278x370.jpg 278w, https:\/\/international.franceclat.fr\/wp-content\/uploads\/2026\/02\/DISCOVER-TABLEWARE-2-768x1021.jpg 768w, https:\/\/international.franceclat.fr\/wp-content\/uploads\/2026\/02\/DISCOVER-TABLEWARE-2-1156x1536.jpg 1156w, https:\/\/international.franceclat.fr\/wp-content\/uploads\/2026\/02\/DISCOVER-TABLEWARE-2.jpg 1505w\" sizes=\"auto, (max-width: 771px) 100vw, 771px\" \/><\/figure>\n\n\n\n<p><\/p>\n<\/div>\n\n\n\n<div class=\"wp-block-column is-layout-flow wp-block-column-is-layout-flow\">\n<h2 class=\"wp-block-heading\">Authenticit\u00e9, \u00e9l\u00e9gance et design.<\/h2>\n\n\n\n<p style=\"font-size:17px\">Les arts de la table fran\u00e7ais sont une valse de savoir-faire. La sublime fa\u00efencerie de Gien, la coutellerie d\u2019exception de Thiers ou Laguiole, c\u00f4toient la tradition c\u00e9ramique de S\u00e8vres et l\u2019excellence de la porcelaine de Limoges. H\u00e9riti\u00e8res de plusieurs si\u00e8cles d'histoire, nos manufactures embl\u00e9matiques ont su m\u00ealer fabrication traditionnelle et d\u00e9cors sophistiqu\u00e9s. Leur cr\u00e9ativit\u00e9 permet d'offrir des produits \u00e9l\u00e9gants et dans l'air du temps, souvent sign\u00e9s par les plus grands noms du design tout comme puis\u00e9s dans de riches archives souvent multis\u00e9culaires. Christofle ose l'exub\u00e9rance avec une collection sign\u00e9e Marcel Wanders. Degrenne collabore avec le designer Philippe Stark. Bernardaud fusionne ses techniques de fabrication avec l\u2019esth\u00e9tique de grands artistes contemporains comme Jeff Koons ou le photographe JR.\u202f&nbsp;<\/p>\n\n\n\n<p style=\"font-size:17px\">Une pointe d\u2019audace s\u2019invite \u00e9galement \u00e0 table avec des marques plus r\u00e9centes, aux approches inventives. Sabre allie, \u00e9l\u00e9gance, couleur et bonne humeur. Jars et Jaune de Chrome imposent un style nouveau en m\u00e9langeant les styles et les textures.\u202f\u202f&nbsp;<\/p>\n\n\n\n<p style=\"font-size:17px\">Entre tradition, design et innovation, les fabricants et artisans fran\u00e7ais offrent une cr\u00e9ativit\u00e9 unique au monde, pour faire de chaque repas une exp\u00e9rience particuli\u00e8re.\u202f&nbsp;<\/p>\n\n\n\n<div class=\"wp-block-buttons is-layout-flex wp-block-buttons-is-layout-flex\"><\/div>\n<\/div>\n<\/div>\n\n\n\n<div class=\"wp-block-columns tiers-img-droite tiers-margin-left reverse-bloc-img-right is-layout-flex wp-container-core-columns-is-layout-9d6595d7 wp-block-columns-is-layout-flex\">\n<div class=\"wp-block-column is-layout-flow wp-block-column-is-layout-flow\">\n<h2 class=\"wp-block-heading\">Des tables inspirantes et gourmandes.<\/h2>\n\n\n\n<p style=\"font-size:17px\">L\u2019art de bien recevoir, ancr\u00e9 dans la culture sociale fran\u00e7aise, se r\u00e9pand \u00e0 travers le monde. Parce que la convivialit\u00e9 autour d\u2019un repas a une valeur inestimable, les plus belles marques fran\u00e7aises d\u00e9clinent leurs collections pour tous les styles et toutes les envies\u202f: inconditionnels du blanc, accros du contemporain, amateurs du bucolique, adeptes du color\u00e9 ou fans de mix&amp;match. Car recevoir ses convives, c\u2019est aussi exprimer sa personnalit\u00e9 ! L\u2019art de la table est avant tout un plaisir o\u00f9 il est permis de jouer avec les codes. Qu'il s'agisse de vaisselle, de couverts, de verrerie ou d'orf\u00e8vrerie, les arts de la table fran\u00e7ais s'adaptent et s\u2019inspirent des tendances lifestyle pour offrir des tables d\u2019exception.\u202f\u202f&nbsp;\u202f\u202f&nbsp;<\/p>\n\n\n\n<div class=\"wp-block-buttons is-layout-flex wp-block-buttons-is-layout-flex\"><\/div>\n<\/div>\n\n\n\n<div class=\"wp-block-column is-layout-flow wp-block-column-is-layout-flow\">\n<figure class=\"wp-block-image size-large\"><img loading=\"lazy\" decoding=\"async\" width=\"771\" height=\"1024\" src=\"https:\/\/international.franceclat.fr\/wp-content\/uploads\/2026\/02\/DISCOVER-TABLEWARE-3-771x1024.jpg\" alt=\"\" class=\"wp-image-45509\" srcset=\"https:\/\/international.franceclat.fr\/wp-content\/uploads\/2026\/02\/DISCOVER-TABLEWARE-3-771x1024.jpg 771w, https:\/\/international.franceclat.fr\/wp-content\/uploads\/2026\/02\/DISCOVER-TABLEWARE-3-278x370.jpg 278w, https:\/\/international.franceclat.fr\/wp-content\/uploads\/2026\/02\/DISCOVER-TABLEWARE-3-768x1021.jpg 768w, https:\/\/international.franceclat.fr\/wp-content\/uploads\/2026\/02\/DISCOVER-TABLEWARE-3-1156x1536.jpg 1156w, https:\/\/international.franceclat.fr\/wp-content\/uploads\/2026\/02\/DISCOVER-TABLEWARE-3.jpg 1505w\" sizes=\"auto, (max-width: 771px) 100vw, 771px\" \/><\/figure>\n<\/div>\n<\/div>\n\n\n\n<p><\/p>\n\n\n\r\n<div class=\"is-layout-flex wp-container-15 wp-block-columns align-wide quote-with-bg\" style=\"background-color:#1A243A\">\r\n    <div class=\"is-layout-flow wp-block-column padding-quote\">\r\n        <blockquote class=\"wp-block-quote\"><p>Partie int\u00e9grante de la culture fran\u00e7aise, les arts de la table symbolisent un savoir-faire, un savoir-vivre et un savoir recevoir uniques au monde. Ils sont l'expression du bon go\u00fbt Made in France.\u202f<\/p>\n<\/blockquote>\r\n\r\n        \r\n    <\/div>\r\n<\/div>","protected":false},"excerpt":{"rendered":"<p>L\u2019art de la table\u202f: une histoire fran\u00e7aise. Les arts de la &#8230;<\/p>\n","protected":false},"author":1,"featured_media":45502,"parent":0,"menu_order":0,"comment_status":"closed","ping_status":"closed","template":"template-filiere.php","meta":{"_acf_changed":false,"_relevanssi_hide_post":"","_relevanssi_hide_content":"","_relevanssi_pin_for_all":"","_relevanssi_pin_keywords":"","_relevanssi_unpin_keywords":"","_relevanssi_related_keywords":"","_relevanssi_related_include_ids":"","_relevanssi_related_exclude_ids":"","_relevanssi_related_no_append":"","_relevanssi_related_not_related":"","_relevanssi_related_posts":"299,162,25012","_relevanssi_noindex_reason":"","footnotes":""},"class_list":["post-24","page","type-page","status-publish","has-post-thumbnail","hentry"],"acf":[],"yoast_head":"<!-- This site is optimized with the Yoast SEO plugin v27.1.1 - https:\/\/yoast.com\/product\/yoast-seo-wordpress\/ -->\n<title>Arts de la table - FRANCECLAT INTERNATIONAL<\/title>\n<meta name=\"description\" content=\"L\u2019art de la table occupe une place particuli\u00e8re dans l\u2019art de vivre \u00e0 la fran\u00e7aise et rassemble une pluralit\u00e9 de savoir-faire authentiques. Entre maisons multi-centenaires et artisans cr\u00e9ateurs, les marques fran\u00e7aises cultivent la convivialit\u00e9 et le partage autour de tables \u00e9l\u00e9gantes, cr\u00e9atives et uniques.\u202f\u202f\" \/>\n<meta name=\"robots\" content=\"index, follow, max-snippet:-1, max-image-preview:large, max-video-preview:-1\" \/>\n<link rel=\"canonical\" href=\"https:\/\/international.franceclat.fr\/fr\/arts-de-la-table\/\" \/>\n<meta property=\"og:locale\" content=\"fr_FR\" \/>\n<meta property=\"og:type\" content=\"article\" \/>\n<meta property=\"og:title\" content=\"Arts de la table - FRANCECLAT INTERNATIONAL\" \/>\n<meta property=\"og:description\" content=\"L\u2019art de la table occupe une place particuli\u00e8re dans l\u2019art de vivre \u00e0 la fran\u00e7aise et rassemble une pluralit\u00e9 de savoir-faire authentiques. Entre maisons multi-centenaires et artisans cr\u00e9ateurs, les marques fran\u00e7aises cultivent la convivialit\u00e9 et le partage autour de tables \u00e9l\u00e9gantes, cr\u00e9atives et uniques.\u202f\u202f\" \/>\n<meta property=\"og:url\" content=\"https:\/\/international.franceclat.fr\/fr\/arts-de-la-table\/\" \/>\n<meta property=\"og:site_name\" content=\"FRANCECLAT INTERNATIONAL\" \/>\n<meta property=\"article:modified_time\" content=\"2026-02-05T11:57:03+00:00\" \/>\n<meta property=\"og:image\" content=\"https:\/\/international.franceclat.fr\/wp-content\/uploads\/2026\/02\/DISCOVER-TABLEWARE-4.jpg\" \/>\n\t<meta property=\"og:image:width\" content=\"2000\" \/>\n\t<meta property=\"og:image:height\" content=\"760\" \/>\n\t<meta property=\"og:image:type\" content=\"image\/jpeg\" \/>\n<meta name=\"twitter:card\" content=\"summary_large_image\" \/>\n<meta name=\"twitter:label1\" content=\"Dur\u00e9e de lecture estim\u00e9e\" \/>\n\t<meta name=\"twitter:data1\" content=\"3 minutes\" \/>\n<script type=\"application\/ld+json\" class=\"yoast-schema-graph\">{\"@context\":\"https:\/\/schema.org\",\"@graph\":[{\"@type\":\"WebPage\",\"@id\":\"https:\/\/international.franceclat.fr\/fr\/arts-de-la-table\/\",\"url\":\"https:\/\/international.franceclat.fr\/fr\/arts-de-la-table\/\",\"name\":\"Arts de la table - FRANCECLAT INTERNATIONAL\",\"isPartOf\":{\"@id\":\"https:\/\/franceclat.votre-projet.com\/#website\"},\"primaryImageOfPage\":{\"@id\":\"https:\/\/international.franceclat.fr\/fr\/arts-de-la-table\/#primaryimage\"},\"image\":{\"@id\":\"https:\/\/international.franceclat.fr\/fr\/arts-de-la-table\/#primaryimage\"},\"thumbnailUrl\":\"https:\/\/international.franceclat.fr\/wp-content\/uploads\/2026\/02\/DISCOVER-TABLEWARE-4.jpg\",\"datePublished\":\"2022-12-21T14:42:37+00:00\",\"dateModified\":\"2026-02-05T11:57:03+00:00\",\"description\":\"L\u2019art de la table occupe une place particuli\u00e8re dans l\u2019art de vivre \u00e0 la fran\u00e7aise et rassemble une pluralit\u00e9 de savoir-faire authentiques. Entre maisons multi-centenaires et artisans cr\u00e9ateurs, les marques fran\u00e7aises cultivent la convivialit\u00e9 et le partage autour de tables \u00e9l\u00e9gantes, cr\u00e9atives et uniques.\u202f\u202f\",\"breadcrumb\":{\"@id\":\"https:\/\/international.franceclat.fr\/fr\/arts-de-la-table\/#breadcrumb\"},\"inLanguage\":\"fr-FR\",\"potentialAction\":[{\"@type\":\"ReadAction\",\"target\":[\"https:\/\/international.franceclat.fr\/fr\/arts-de-la-table\/\"]}]},{\"@type\":\"ImageObject\",\"inLanguage\":\"fr-FR\",\"@id\":\"https:\/\/international.franceclat.fr\/fr\/arts-de-la-table\/#primaryimage\",\"url\":\"https:\/\/international.franceclat.fr\/wp-content\/uploads\/2026\/02\/DISCOVER-TABLEWARE-4.jpg\",\"contentUrl\":\"https:\/\/international.franceclat.fr\/wp-content\/uploads\/2026\/02\/DISCOVER-TABLEWARE-4.jpg\",\"width\":2000,\"height\":760},{\"@type\":\"BreadcrumbList\",\"@id\":\"https:\/\/international.franceclat.fr\/fr\/arts-de-la-table\/#breadcrumb\",\"itemListElement\":[{\"@type\":\"ListItem\",\"position\":1,\"name\":\"Accueil\",\"item\":\"https:\/\/international.franceclat.fr\/fr\/\"},{\"@type\":\"ListItem\",\"position\":2,\"name\":\"Arts de la table\"}]},{\"@type\":\"WebSite\",\"@id\":\"https:\/\/franceclat.votre-projet.com\/#website\",\"url\":\"https:\/\/franceclat.votre-projet.com\/\",\"name\":\"Franc\u00e9clat international\",\"description\":\"The path to French excellence. Watches, Jewellery, Tableware.\",\"publisher\":{\"@id\":\"https:\/\/franceclat.votre-projet.com\/#organization\"},\"alternateName\":\"Franc\u00e9clat international\",\"potentialAction\":[{\"@type\":\"SearchAction\",\"target\":{\"@type\":\"EntryPoint\",\"urlTemplate\":\"https:\/\/franceclat.votre-projet.com\/?s={search_term_string}\"},\"query-input\":{\"@type\":\"PropertyValueSpecification\",\"valueRequired\":true,\"valueName\":\"search_term_string\"}}],\"inLanguage\":\"fr-FR\"},{\"@type\":\"Organization\",\"@id\":\"https:\/\/franceclat.votre-projet.com\/#organization\",\"name\":\"Franc\u00e9clat international\",\"url\":\"https:\/\/franceclat.votre-projet.com\/\",\"logo\":{\"@type\":\"ImageObject\",\"inLanguage\":\"fr-FR\",\"@id\":\"https:\/\/franceclat.votre-projet.com\/#\/schema\/logo\/image\/\",\"url\":\"https:\/\/international.franceclat.fr\/wp-content\/uploads\/2023\/02\/Logo-Franceclat.png\",\"contentUrl\":\"https:\/\/international.franceclat.fr\/wp-content\/uploads\/2023\/02\/Logo-Franceclat.png\",\"width\":1667,\"height\":1667,\"caption\":\"Franc\u00e9clat international\"},\"image\":{\"@id\":\"https:\/\/franceclat.votre-projet.com\/#\/schema\/logo\/image\/\"},\"sameAs\":[\"https:\/\/www.linkedin.com\/company\/franceclat-international\/\"]}]}<\/script>\n<!-- \/ Yoast SEO plugin. -->","yoast_head_json":{"title":"Arts de la table - FRANCECLAT INTERNATIONAL","description":"L\u2019art de la table occupe une place particuli\u00e8re dans l\u2019art de vivre \u00e0 la fran\u00e7aise et rassemble une pluralit\u00e9 de savoir-faire authentiques. Entre maisons multi-centenaires et artisans cr\u00e9ateurs, les marques fran\u00e7aises cultivent la convivialit\u00e9 et le partage autour de tables \u00e9l\u00e9gantes, cr\u00e9atives et uniques.\u202f\u202f","robots":{"index":"index","follow":"follow","max-snippet":"max-snippet:-1","max-image-preview":"max-image-preview:large","max-video-preview":"max-video-preview:-1"},"canonical":"https:\/\/international.franceclat.fr\/fr\/arts-de-la-table\/","og_locale":"fr_FR","og_type":"article","og_title":"Arts de la table - FRANCECLAT INTERNATIONAL","og_description":"L\u2019art de la table occupe une place particuli\u00e8re dans l\u2019art de vivre \u00e0 la fran\u00e7aise et rassemble une pluralit\u00e9 de savoir-faire authentiques. Entre maisons multi-centenaires et artisans cr\u00e9ateurs, les marques fran\u00e7aises cultivent la convivialit\u00e9 et le partage autour de tables \u00e9l\u00e9gantes, cr\u00e9atives et uniques.\u202f\u202f","og_url":"https:\/\/international.franceclat.fr\/fr\/arts-de-la-table\/","og_site_name":"FRANCECLAT INTERNATIONAL","article_modified_time":"2026-02-05T11:57:03+00:00","og_image":[{"width":2000,"height":760,"url":"https:\/\/international.franceclat.fr\/wp-content\/uploads\/2026\/02\/DISCOVER-TABLEWARE-4.jpg","type":"image\/jpeg"}],"twitter_card":"summary_large_image","twitter_misc":{"Dur\u00e9e de lecture estim\u00e9e":"3 minutes"},"schema":{"@context":"https:\/\/schema.org","@graph":[{"@type":"WebPage","@id":"https:\/\/international.franceclat.fr\/fr\/arts-de-la-table\/","url":"https:\/\/international.franceclat.fr\/fr\/arts-de-la-table\/","name":"Arts de la table - FRANCECLAT INTERNATIONAL","isPartOf":{"@id":"https:\/\/franceclat.votre-projet.com\/#website"},"primaryImageOfPage":{"@id":"https:\/\/international.franceclat.fr\/fr\/arts-de-la-table\/#primaryimage"},"image":{"@id":"https:\/\/international.franceclat.fr\/fr\/arts-de-la-table\/#primaryimage"},"thumbnailUrl":"https:\/\/international.franceclat.fr\/wp-content\/uploads\/2026\/02\/DISCOVER-TABLEWARE-4.jpg","datePublished":"2022-12-21T14:42:37+00:00","dateModified":"2026-02-05T11:57:03+00:00","description":"L\u2019art de la table occupe une place particuli\u00e8re dans l\u2019art de vivre \u00e0 la fran\u00e7aise et rassemble une pluralit\u00e9 de savoir-faire authentiques. Entre maisons multi-centenaires et artisans cr\u00e9ateurs, les marques fran\u00e7aises cultivent la convivialit\u00e9 et le partage autour de tables \u00e9l\u00e9gantes, cr\u00e9atives et uniques.\u202f\u202f","breadcrumb":{"@id":"https:\/\/international.franceclat.fr\/fr\/arts-de-la-table\/#breadcrumb"},"inLanguage":"fr-FR","potentialAction":[{"@type":"ReadAction","target":["https:\/\/international.franceclat.fr\/fr\/arts-de-la-table\/"]}]},{"@type":"ImageObject","inLanguage":"fr-FR","@id":"https:\/\/international.franceclat.fr\/fr\/arts-de-la-table\/#primaryimage","url":"https:\/\/international.franceclat.fr\/wp-content\/uploads\/2026\/02\/DISCOVER-TABLEWARE-4.jpg","contentUrl":"https:\/\/international.franceclat.fr\/wp-content\/uploads\/2026\/02\/DISCOVER-TABLEWARE-4.jpg","width":2000,"height":760},{"@type":"BreadcrumbList","@id":"https:\/\/international.franceclat.fr\/fr\/arts-de-la-table\/#breadcrumb","itemListElement":[{"@type":"ListItem","position":1,"name":"Accueil","item":"https:\/\/international.franceclat.fr\/fr\/"},{"@type":"ListItem","position":2,"name":"Arts de la table"}]},{"@type":"WebSite","@id":"https:\/\/franceclat.votre-projet.com\/#website","url":"https:\/\/franceclat.votre-projet.com\/","name":"Franc\u00e9clat international","description":"The path to French excellence. Watches, Jewellery, Tableware.","publisher":{"@id":"https:\/\/franceclat.votre-projet.com\/#organization"},"alternateName":"Franc\u00e9clat international","potentialAction":[{"@type":"SearchAction","target":{"@type":"EntryPoint","urlTemplate":"https:\/\/franceclat.votre-projet.com\/?s={search_term_string}"},"query-input":{"@type":"PropertyValueSpecification","valueRequired":true,"valueName":"search_term_string"}}],"inLanguage":"fr-FR"},{"@type":"Organization","@id":"https:\/\/franceclat.votre-projet.com\/#organization","name":"Franc\u00e9clat international","url":"https:\/\/franceclat.votre-projet.com\/","logo":{"@type":"ImageObject","inLanguage":"fr-FR","@id":"https:\/\/franceclat.votre-projet.com\/#\/schema\/logo\/image\/","url":"https:\/\/international.franceclat.fr\/wp-content\/uploads\/2023\/02\/Logo-Franceclat.png","contentUrl":"https:\/\/international.franceclat.fr\/wp-content\/uploads\/2023\/02\/Logo-Franceclat.png","width":1667,"height":1667,"caption":"Franc\u00e9clat international"},"image":{"@id":"https:\/\/franceclat.votre-projet.com\/#\/schema\/logo\/image\/"},"sameAs":["https:\/\/www.linkedin.com\/company\/franceclat-international\/"]}]}},"_links":{"self":[{"href":"https:\/\/international.franceclat.fr\/fr\/wp-json\/wp\/v2\/pages\/24","targetHints":{"allow":["GET"]}}],"collection":[{"href":"https:\/\/international.franceclat.fr\/fr\/wp-json\/wp\/v2\/pages"}],"about":[{"href":"https:\/\/international.franceclat.fr\/fr\/wp-json\/wp\/v2\/types\/page"}],"author":[{"embeddable":true,"href":"https:\/\/international.franceclat.fr\/fr\/wp-json\/wp\/v2\/users\/1"}],"replies":[{"embeddable":true,"href":"https:\/\/international.franceclat.fr\/fr\/wp-json\/wp\/v2\/comments?post=24"}],"version-history":[{"count":6,"href":"https:\/\/international.franceclat.fr\/fr\/wp-json\/wp\/v2\/pages\/24\/revisions"}],"predecessor-version":[{"id":45511,"href":"https:\/\/international.franceclat.fr\/fr\/wp-json\/wp\/v2\/pages\/24\/revisions\/45511"}],"wp:featuredmedia":[{"embeddable":true,"href":"https:\/\/international.franceclat.fr\/fr\/wp-json\/wp\/v2\/media\/45502"}],"wp:attachment":[{"href":"https:\/\/international.franceclat.fr\/fr\/wp-json\/wp\/v2\/media?parent=24"}],"curies":[{"name":"wp","href":"https:\/\/api.w.org\/{rel}","templated":true}]}}