{"id":26,"date":"2022-12-21T15:42:57","date_gmt":"2022-12-21T14:42:57","guid":{"rendered":"https:\/\/international.franceclat.fr\/?page_id=26"},"modified":"2026-02-17T10:00:39","modified_gmt":"2026-02-17T09:00:39","slug":"a-propos-de-franceclat","status":"publish","type":"page","link":"https:\/\/international.franceclat.fr\/fr\/a-propos-de-franceclat\/","title":{"rendered":"\u00c0 propos de Franc\u00e9clat"},"content":{"rendered":"\n<div class=\"wp-block-columns about-wrapper is-layout-flex wp-container-core-columns-is-layout-9d6595d7 wp-block-columns-is-layout-flex\">\n<div class=\"wp-block-column about is-layout-flow wp-block-column-is-layout-flow\">\n<h1 class=\"wp-block-heading has-text-align-center\">\u00c0 propos de Franc\u00e9clat<\/h1>\n\n\n\n<p class=\"has-text-align-center\">Franc\u00e9clat est en charge du d\u00e9veloppement des fili\u00e8res fran\u00e7aises de l'Horlogerie, de la Bijouterie-Joaillerie et des Arts de la Table. <br>Elle a pour vocation de faire grandir et rayonner durablement, en France et dans le monde, ces 3 secteurs embl\u00e9matiques de notre <em>art de vivre<\/em>.<\/p>\n<\/div>\n<\/div>\n\n\n\n<div style=\"height:34px\" aria-hidden=\"true\" class=\"wp-block-spacer\"><\/div>\n\n\n\n<div class=\"wp-block-group\"><div class=\"wp-block-group__inner-container is-layout-constrained wp-block-group-is-layout-constrained\">\n<div class=\"wp-block-columns tiers-img-droite tiers-margin-left reverse-bloc-img-right is-layout-flex wp-container-core-columns-is-layout-9d6595d7 wp-block-columns-is-layout-flex\">\n<div class=\"wp-block-column is-layout-flow wp-block-column-is-layout-flow\">\n<h2 class=\"wp-block-heading\">Une r\u00e9f\u00e9rence pour tous les professionnels d'Horlogerie, Bijouterie-Joaillerie et Arts de la Table<\/h2>\n\n\n\n<p>Au service de toutes les entreprises fran\u00e7aises d'Horlogerie, Bijouterie-Joaillerie et d\u2019Arts de la Table, Franc\u00e9clat cr\u00e9e et d\u00e9ploie pour elles des outils et des actions r\u00e9pondant \u00e0 leurs besoins collectifs.<\/p>\n\n\n\n<p>Franc\u00e9clat d\u00e9crypte les march\u00e9s, anticipe les tendances, dynamise la cr\u00e9ation, stimule l'innovation, provoque des rencontres et permet un partage unique entre petites et grandes entreprises. V\u00e9ritable acc\u00e9l\u00e9rateur de d\u00e9veloppement des 3 fili\u00e8res, il contribue \u00e0 leur \u00e9volution et \u00e0 leur rayonnement. &nbsp;<\/p>\n\n\n\n<p>Les actions de Franc\u00e9clat sont financ\u00e9es par une taxe vers\u00e9e par les 13000 entreprises fran\u00e7aises d'Horlogerie, Bijouterie-Joaillerie et Arts de la Table. Plus de 300 professionnels des 3 fili\u00e8res participent aux structures de r\u00e9flexion de cet organisme fran\u00e7ais de r\u00e9f\u00e9rence.<\/p>\n<\/div>\n\n\n\n<div class=\"wp-block-column is-layout-flow wp-block-column-is-layout-flow\">\n<figure class=\"wp-block-image size-large\"><img loading=\"lazy\" decoding=\"async\" width=\"771\" height=\"1024\" src=\"https:\/\/international.franceclat.fr\/wp-content\/uploads\/2026\/02\/ABOUT-1-771x1024.jpg\" alt=\"\" class=\"wp-image-45494\" srcset=\"https:\/\/international.franceclat.fr\/wp-content\/uploads\/2026\/02\/ABOUT-1-771x1024.jpg 771w, https:\/\/international.franceclat.fr\/wp-content\/uploads\/2026\/02\/ABOUT-1-278x370.jpg 278w, https:\/\/international.franceclat.fr\/wp-content\/uploads\/2026\/02\/ABOUT-1-768x1021.jpg 768w, https:\/\/international.franceclat.fr\/wp-content\/uploads\/2026\/02\/ABOUT-1-1156x1536.jpg 1156w, https:\/\/international.franceclat.fr\/wp-content\/uploads\/2026\/02\/ABOUT-1.jpg 1505w\" sizes=\"auto, (max-width: 771px) 100vw, 771px\" \/><\/figure>\n<\/div>\n<\/div>\n<\/div><\/div>\n\n\n\n<div style=\"height:97px\" aria-hidden=\"true\" class=\"wp-block-spacer\"><\/div>\n\n\n\n<div class=\"wp-block-columns tiers-img-gauche tiers-margin-right is-layout-flex wp-container-core-columns-is-layout-9d6595d7 wp-block-columns-is-layout-flex\">\n<div class=\"wp-block-column is-layout-flow wp-block-column-is-layout-flow\">\n<figure class=\"wp-block-image size-large\"><img loading=\"lazy\" decoding=\"async\" width=\"771\" height=\"1024\" src=\"https:\/\/international.franceclat.fr\/wp-content\/uploads\/2026\/02\/ABOUT-2-771x1024.jpg\" alt=\"\" class=\"wp-image-45496\" srcset=\"https:\/\/international.franceclat.fr\/wp-content\/uploads\/2026\/02\/ABOUT-2-771x1024.jpg 771w, https:\/\/international.franceclat.fr\/wp-content\/uploads\/2026\/02\/ABOUT-2-278x370.jpg 278w, https:\/\/international.franceclat.fr\/wp-content\/uploads\/2026\/02\/ABOUT-2-768x1021.jpg 768w, https:\/\/international.franceclat.fr\/wp-content\/uploads\/2026\/02\/ABOUT-2-1156x1536.jpg 1156w, https:\/\/international.franceclat.fr\/wp-content\/uploads\/2026\/02\/ABOUT-2.jpg 1505w\" sizes=\"auto, (max-width: 771px) 100vw, 771px\" \/><\/figure>\n<\/div>\n\n\n\n<div class=\"wp-block-column is-layout-flow wp-block-column-is-layout-flow\">\n<h2 class=\"wp-block-heading\">D\u00e9velopper les savoir-faire fran\u00e7ais, favoriser l'innovation<\/h2>\n\n\n\n<p>Franc\u00e9clat con\u00e7oit, anime et finance un programme d'actions visant \u00e0 stimuler la cr\u00e9ation, la production et la vente des produits d'Horlogerie, Bijouterie-Joaillerie et Arts de la Table, et \u00e0 maintenir nos savoir-faire fran\u00e7ais \u00e0 la pointe de l'innovation et de l'excellence.<\/p>\n\n\n\n<p>Franc\u00e9clat r\u00e9alise, entre autres :<\/p>\n\n\n\n<ul class=\"wp-block-list\">\n<li>des outils d'analyse et de prospective sur les 3 fili\u00e8res<\/li>\n\n\n\n<li>des \u00e9tudes g\u00e9n\u00e9rales ou th\u00e9matiques<\/li>\n\n\n\n<li>des formations, conf\u00e9rences, webinaires et podcasts<\/li>\n\n\n\n<li>des veilles techniques, r\u00e9glementaires et industrielles<\/li>\n\n\n\n<li>des rencontres d'affaires en France et \u00e0 l'international<\/li>\n\n\n\n<li>des campagnes de communication collectives<\/li>\n\n\n\n<li>des d\u00e9marches de qualit\u00e9 et certification<\/li>\n\n\n\n<li>des outils d'am\u00e9lioration de la performance industrielle<\/li>\n\n\n\n<li>des actions de financement et d'accompagnement pour les petites entreprises<\/li>\n<\/ul>\n<\/div>\n<\/div>\n\n\n\n<div style=\"height:51px\" aria-hidden=\"true\" class=\"wp-block-spacer\"><\/div>\n\n\n\r\n<div class=\"is-layout-flex wp-container-15 wp-block-columns align-wide quote-with-bg\" style=\"background-color:#1A243A\">\r\n    <div class=\"is-layout-flow wp-block-column padding-quote\">\r\n        <blockquote class=\"wp-block-quote\"><p>Acc\u00e9l\u00e9rateur de d\u00e9veloppement, Franc\u00e9clat a pour vocation de faire grandir et rayonner durablement les fili\u00e8res fran\u00e7aises de l\u2019horlogerie, de la bijouterie-joaillerie et des arts de la table dans le monde entier.<\/p>\n<\/blockquote>\r\n\r\n        \r\n    <\/div>\r\n<\/div>\n\n\n<div style=\"height:74px\" aria-hidden=\"true\" class=\"wp-block-spacer\"><\/div>\n\n\n\n<div class=\"wp-block-columns tiers-img-droite tiers-margin-left reverse-bloc-img-right is-layout-flex wp-container-core-columns-is-layout-9d6595d7 wp-block-columns-is-layout-flex\">\n<div class=\"wp-block-column is-layout-flow wp-block-column-is-layout-flow\">\n<h2 class=\"wp-block-heading\">Faire rayonner les marques fran\u00e7aises dans le monde<\/h2>\n\n\n\n<p>Les initiatives de Franc\u00e9clat en faveur du savoir-faire fran\u00e7ais d\u00e9passent largement les fronti\u00e8res hexagonales. Connect\u00e9s au monde, notre ambition est de faire conna\u00eetre et de faire vivre la <em>french touch<\/em> \u00e0 travers des marques et des produits qui en sont authentiquement empreints.<\/p>\n\n\n\n<p>Au-del\u00e0 des \u00e9v\u00e9nements internationaux, nous mettons en relation les marques fran\u00e7aises d'Horlogerie, Bijouterie-Joaillerie et Arts de la Table avec des partenaires d'affaires de tous pays. &nbsp;&nbsp;&nbsp;&nbsp;<\/p>\n<\/div>\n\n\n\n<div class=\"wp-block-column is-layout-flow wp-block-column-is-layout-flow\">\n<figure class=\"wp-block-image size-large\"><img loading=\"lazy\" decoding=\"async\" width=\"771\" height=\"1024\" src=\"https:\/\/international.franceclat.fr\/wp-content\/uploads\/2026\/02\/ABOUT-3-771x1024.jpg\" alt=\"\" class=\"wp-image-45499\" srcset=\"https:\/\/international.franceclat.fr\/wp-content\/uploads\/2026\/02\/ABOUT-3-771x1024.jpg 771w, https:\/\/international.franceclat.fr\/wp-content\/uploads\/2026\/02\/ABOUT-3-278x370.jpg 278w, https:\/\/international.franceclat.fr\/wp-content\/uploads\/2026\/02\/ABOUT-3-768x1021.jpg 768w, https:\/\/international.franceclat.fr\/wp-content\/uploads\/2026\/02\/ABOUT-3-1156x1536.jpg 1156w, https:\/\/international.franceclat.fr\/wp-content\/uploads\/2026\/02\/ABOUT-3.jpg 1505w\" sizes=\"auto, (max-width: 771px) 100vw, 771px\" \/><\/figure>\n<\/div>\n<\/div>\n\n\n\n<div class=\"wp-block-group table\"><div class=\"wp-block-group__inner-container is-layout-constrained wp-block-group-is-layout-constrained\">\n<div class=\"wp-block-columns is-style-regular is-layout-flex wp-container-core-columns-is-layout-9d6595d7 wp-block-columns-is-layout-flex\">\n<div class=\"wp-block-column is-layout-flow wp-block-column-is-layout-flow\">\n<p><strong>100<\/strong><br>Fabricants en Horlogerie<\/p>\n<\/div>\n\n\n\n<div class=\"wp-block-column is-layout-flow wp-block-column-is-layout-flow\">\n<p><strong>2 600<\/strong><br>Fabricants en Bijouterie-Joaillerie<\/p>\n<\/div>\n\n\n\n<div class=\"wp-block-column is-layout-flow wp-block-column-is-layout-flow\">\n<p><strong>400<\/strong><br>Fabricants en Arts de la Table<\/p>\n<\/div>\n<\/div>\n\n\n\n<div class=\"wp-block-columns is-style-regular is-layout-flex wp-container-core-columns-is-layout-9d6595d7 wp-block-columns-is-layout-flex\">\n<div class=\"wp-block-column is-layout-flow wp-block-column-is-layout-flow\">\n<p><span class=\"number\"><strong>7<\/strong><\/span> Mds<br>Euros de CA de production sur les 3 fili\u00e8res<\/p>\n<\/div>\n\n\n\n<div class=\"wp-block-column is-layout-flow wp-block-column-is-layout-flow\">\n<p><strong>12<\/strong> Mds<br>Euros d'exportations et r\u00e9exportations&nbsp;<\/p>\n<\/div>\n\n\n\n<div class=\"wp-block-column is-layout-flow wp-block-column-is-layout-flow\">\n<p><strong>44<\/strong><br>Collaborateurs chez Franc\u00e9clat&nbsp;<\/p>\n<\/div>\n<\/div>\n<\/div><\/div>\n\n\n\r\n<div class=\"is-layout-flex wp-container-15 wp-block-columns align-wide quote-with-bg\" style=\"background-color:#1A243A\">\r\n    <div class=\"is-layout-flow wp-block-column padding-quote\">\r\n        <blockquote class=\"wp-block-quote\"><p>Franc\u00e9clat met en relation les marques fran\u00e7aises d'Horlogerie, Bijouterie-Joaillerie et Arts de la Table avec des partenaires d'affaires de tous pays.<\/p>\n<\/blockquote>\r\n\r\n        \r\n    <\/div>\r\n<\/div>\n\n\n<hr class=\"wp-block-separator has-alpha-channel-opacity separator-thin\"\/>\n","protected":false},"excerpt":{"rendered":"<p>\u00c0 propos de Franc\u00e9clat Franc\u00e9clat est en charge du d\u00e9veloppement des &#8230;<\/p>\n","protected":false},"author":1,"featured_media":45492,"parent":0,"menu_order":0,"comment_status":"closed","ping_status":"closed","template":"","meta":{"_acf_changed":false,"_relevanssi_hide_post":"","_relevanssi_hide_content":"","_relevanssi_pin_for_all":"","_relevanssi_pin_keywords":"","_relevanssi_unpin_keywords":"","_relevanssi_related_keywords":"","_relevanssi_related_include_ids":"","_relevanssi_related_exclude_ids":"","_relevanssi_related_no_append":"","_relevanssi_related_not_related":"","_relevanssi_related_posts":"25012,162,299","_relevanssi_noindex_reason":"","footnotes":""},"class_list":["post-26","page","type-page","status-publish","has-post-thumbnail","hentry"],"acf":[],"yoast_head":"<!-- This site is optimized with the Yoast SEO plugin v27.1.1 - https:\/\/yoast.com\/product\/yoast-seo-wordpress\/ -->\n<title>\u00c0 propos de Franc\u00e9clat - FRANCECLAT INTERNATIONAL<\/title>\n<meta name=\"description\" content=\"Acc\u00e9l\u00e9rateur de d\u00e9veloppement, Franc\u00e9clat a pour vocationde faire grandir et rayonner durablement les fili\u00e8res fran\u00e7aises de l\u2019horlogerie, de la bijouterie-joaillerie et des arts de la table dans le monde entier.\" \/>\n<meta name=\"robots\" content=\"index, follow, max-snippet:-1, max-image-preview:large, max-video-preview:-1\" \/>\n<link rel=\"canonical\" href=\"https:\/\/international.franceclat.fr\/fr\/a-propos-de-franceclat\/\" \/>\n<meta property=\"og:locale\" content=\"fr_FR\" \/>\n<meta property=\"og:type\" content=\"article\" \/>\n<meta property=\"og:title\" content=\"\u00c0 propos de Franc\u00e9clat - FRANCECLAT INTERNATIONAL\" \/>\n<meta property=\"og:description\" content=\"Acc\u00e9l\u00e9rateur de d\u00e9veloppement, Franc\u00e9clat a pour vocationde faire grandir et rayonner durablement les fili\u00e8res fran\u00e7aises de l\u2019horlogerie, de la bijouterie-joaillerie et des arts de la table dans le monde entier.\" \/>\n<meta property=\"og:url\" content=\"https:\/\/international.franceclat.fr\/fr\/a-propos-de-franceclat\/\" \/>\n<meta property=\"og:site_name\" content=\"FRANCECLAT INTERNATIONAL\" \/>\n<meta property=\"article:modified_time\" content=\"2026-02-17T09:00:39+00:00\" \/>\n<meta property=\"og:image\" content=\"https:\/\/international.franceclat.fr\/wp-content\/uploads\/2026\/02\/ABOUT-4.jpg\" \/>\n\t<meta property=\"og:image:width\" content=\"2000\" \/>\n\t<meta property=\"og:image:height\" content=\"760\" \/>\n\t<meta property=\"og:image:type\" content=\"image\/jpeg\" \/>\n<meta name=\"twitter:card\" content=\"summary_large_image\" \/>\n<meta name=\"twitter:label1\" content=\"Dur\u00e9e de lecture estim\u00e9e\" \/>\n\t<meta name=\"twitter:data1\" content=\"3 minutes\" \/>\n<script type=\"application\/ld+json\" class=\"yoast-schema-graph\">{\"@context\":\"https:\/\/schema.org\",\"@graph\":[{\"@type\":\"WebPage\",\"@id\":\"https:\/\/international.franceclat.fr\/fr\/a-propos-de-franceclat\/\",\"url\":\"https:\/\/international.franceclat.fr\/fr\/a-propos-de-franceclat\/\",\"name\":\"\u00c0 propos de Franc\u00e9clat - FRANCECLAT INTERNATIONAL\",\"isPartOf\":{\"@id\":\"https:\/\/franceclat.votre-projet.com\/#website\"},\"primaryImageOfPage\":{\"@id\":\"https:\/\/international.franceclat.fr\/fr\/a-propos-de-franceclat\/#primaryimage\"},\"image\":{\"@id\":\"https:\/\/international.franceclat.fr\/fr\/a-propos-de-franceclat\/#primaryimage\"},\"thumbnailUrl\":\"https:\/\/international.franceclat.fr\/wp-content\/uploads\/2026\/02\/ABOUT-4.jpg\",\"datePublished\":\"2022-12-21T14:42:57+00:00\",\"dateModified\":\"2026-02-17T09:00:39+00:00\",\"description\":\"Acc\u00e9l\u00e9rateur de d\u00e9veloppement, Franc\u00e9clat a pour vocationde faire grandir et rayonner durablement les fili\u00e8res fran\u00e7aises de l\u2019horlogerie, de la bijouterie-joaillerie et des arts de la table dans le monde entier.\",\"breadcrumb\":{\"@id\":\"https:\/\/international.franceclat.fr\/fr\/a-propos-de-franceclat\/#breadcrumb\"},\"inLanguage\":\"fr-FR\",\"potentialAction\":[{\"@type\":\"ReadAction\",\"target\":[\"https:\/\/international.franceclat.fr\/fr\/a-propos-de-franceclat\/\"]}]},{\"@type\":\"ImageObject\",\"inLanguage\":\"fr-FR\",\"@id\":\"https:\/\/international.franceclat.fr\/fr\/a-propos-de-franceclat\/#primaryimage\",\"url\":\"https:\/\/international.franceclat.fr\/wp-content\/uploads\/2026\/02\/ABOUT-4.jpg\",\"contentUrl\":\"https:\/\/international.franceclat.fr\/wp-content\/uploads\/2026\/02\/ABOUT-4.jpg\",\"width\":2000,\"height\":760},{\"@type\":\"BreadcrumbList\",\"@id\":\"https:\/\/international.franceclat.fr\/fr\/a-propos-de-franceclat\/#breadcrumb\",\"itemListElement\":[{\"@type\":\"ListItem\",\"position\":1,\"name\":\"Accueil\",\"item\":\"https:\/\/international.franceclat.fr\/fr\/\"},{\"@type\":\"ListItem\",\"position\":2,\"name\":\"\u00c0 propos de Franc\u00e9clat\"}]},{\"@type\":\"WebSite\",\"@id\":\"https:\/\/franceclat.votre-projet.com\/#website\",\"url\":\"https:\/\/franceclat.votre-projet.com\/\",\"name\":\"Franc\u00e9clat international\",\"description\":\"The path to French excellence. Watches, Jewellery, Tableware.\",\"publisher\":{\"@id\":\"https:\/\/franceclat.votre-projet.com\/#organization\"},\"alternateName\":\"Franc\u00e9clat international\",\"potentialAction\":[{\"@type\":\"SearchAction\",\"target\":{\"@type\":\"EntryPoint\",\"urlTemplate\":\"https:\/\/franceclat.votre-projet.com\/?s={search_term_string}\"},\"query-input\":{\"@type\":\"PropertyValueSpecification\",\"valueRequired\":true,\"valueName\":\"search_term_string\"}}],\"inLanguage\":\"fr-FR\"},{\"@type\":\"Organization\",\"@id\":\"https:\/\/franceclat.votre-projet.com\/#organization\",\"name\":\"Franc\u00e9clat international\",\"url\":\"https:\/\/franceclat.votre-projet.com\/\",\"logo\":{\"@type\":\"ImageObject\",\"inLanguage\":\"fr-FR\",\"@id\":\"https:\/\/franceclat.votre-projet.com\/#\/schema\/logo\/image\/\",\"url\":\"https:\/\/international.franceclat.fr\/wp-content\/uploads\/2023\/02\/Logo-Franceclat.png\",\"contentUrl\":\"https:\/\/international.franceclat.fr\/wp-content\/uploads\/2023\/02\/Logo-Franceclat.png\",\"width\":1667,\"height\":1667,\"caption\":\"Franc\u00e9clat international\"},\"image\":{\"@id\":\"https:\/\/franceclat.votre-projet.com\/#\/schema\/logo\/image\/\"},\"sameAs\":[\"https:\/\/www.linkedin.com\/company\/franceclat-international\/\"]}]}<\/script>\n<!-- \/ Yoast SEO plugin. -->","yoast_head_json":{"title":"\u00c0 propos de Franc\u00e9clat - FRANCECLAT INTERNATIONAL","description":"Acc\u00e9l\u00e9rateur de d\u00e9veloppement, Franc\u00e9clat a pour vocationde faire grandir et rayonner durablement les fili\u00e8res fran\u00e7aises de l\u2019horlogerie, de la bijouterie-joaillerie et des arts de la table dans le monde entier.","robots":{"index":"index","follow":"follow","max-snippet":"max-snippet:-1","max-image-preview":"max-image-preview:large","max-video-preview":"max-video-preview:-1"},"canonical":"https:\/\/international.franceclat.fr\/fr\/a-propos-de-franceclat\/","og_locale":"fr_FR","og_type":"article","og_title":"\u00c0 propos de Franc\u00e9clat - FRANCECLAT INTERNATIONAL","og_description":"Acc\u00e9l\u00e9rateur de d\u00e9veloppement, Franc\u00e9clat a pour vocationde faire grandir et rayonner durablement les fili\u00e8res fran\u00e7aises de l\u2019horlogerie, de la bijouterie-joaillerie et des arts de la table dans le monde entier.","og_url":"https:\/\/international.franceclat.fr\/fr\/a-propos-de-franceclat\/","og_site_name":"FRANCECLAT INTERNATIONAL","article_modified_time":"2026-02-17T09:00:39+00:00","og_image":[{"width":2000,"height":760,"url":"https:\/\/international.franceclat.fr\/wp-content\/uploads\/2026\/02\/ABOUT-4.jpg","type":"image\/jpeg"}],"twitter_card":"summary_large_image","twitter_misc":{"Dur\u00e9e de lecture estim\u00e9e":"3 minutes"},"schema":{"@context":"https:\/\/schema.org","@graph":[{"@type":"WebPage","@id":"https:\/\/international.franceclat.fr\/fr\/a-propos-de-franceclat\/","url":"https:\/\/international.franceclat.fr\/fr\/a-propos-de-franceclat\/","name":"\u00c0 propos de Franc\u00e9clat - FRANCECLAT INTERNATIONAL","isPartOf":{"@id":"https:\/\/franceclat.votre-projet.com\/#website"},"primaryImageOfPage":{"@id":"https:\/\/international.franceclat.fr\/fr\/a-propos-de-franceclat\/#primaryimage"},"image":{"@id":"https:\/\/international.franceclat.fr\/fr\/a-propos-de-franceclat\/#primaryimage"},"thumbnailUrl":"https:\/\/international.franceclat.fr\/wp-content\/uploads\/2026\/02\/ABOUT-4.jpg","datePublished":"2022-12-21T14:42:57+00:00","dateModified":"2026-02-17T09:00:39+00:00","description":"Acc\u00e9l\u00e9rateur de d\u00e9veloppement, Franc\u00e9clat a pour vocationde faire grandir et rayonner durablement les fili\u00e8res fran\u00e7aises de l\u2019horlogerie, de la bijouterie-joaillerie et des arts de la table dans le monde entier.","breadcrumb":{"@id":"https:\/\/international.franceclat.fr\/fr\/a-propos-de-franceclat\/#breadcrumb"},"inLanguage":"fr-FR","potentialAction":[{"@type":"ReadAction","target":["https:\/\/international.franceclat.fr\/fr\/a-propos-de-franceclat\/"]}]},{"@type":"ImageObject","inLanguage":"fr-FR","@id":"https:\/\/international.franceclat.fr\/fr\/a-propos-de-franceclat\/#primaryimage","url":"https:\/\/international.franceclat.fr\/wp-content\/uploads\/2026\/02\/ABOUT-4.jpg","contentUrl":"https:\/\/international.franceclat.fr\/wp-content\/uploads\/2026\/02\/ABOUT-4.jpg","width":2000,"height":760},{"@type":"BreadcrumbList","@id":"https:\/\/international.franceclat.fr\/fr\/a-propos-de-franceclat\/#breadcrumb","itemListElement":[{"@type":"ListItem","position":1,"name":"Accueil","item":"https:\/\/international.franceclat.fr\/fr\/"},{"@type":"ListItem","position":2,"name":"\u00c0 propos de Franc\u00e9clat"}]},{"@type":"WebSite","@id":"https:\/\/franceclat.votre-projet.com\/#website","url":"https:\/\/franceclat.votre-projet.com\/","name":"Franc\u00e9clat international","description":"The path to French excellence. Watches, Jewellery, Tableware.","publisher":{"@id":"https:\/\/franceclat.votre-projet.com\/#organization"},"alternateName":"Franc\u00e9clat international","potentialAction":[{"@type":"SearchAction","target":{"@type":"EntryPoint","urlTemplate":"https:\/\/franceclat.votre-projet.com\/?s={search_term_string}"},"query-input":{"@type":"PropertyValueSpecification","valueRequired":true,"valueName":"search_term_string"}}],"inLanguage":"fr-FR"},{"@type":"Organization","@id":"https:\/\/franceclat.votre-projet.com\/#organization","name":"Franc\u00e9clat international","url":"https:\/\/franceclat.votre-projet.com\/","logo":{"@type":"ImageObject","inLanguage":"fr-FR","@id":"https:\/\/franceclat.votre-projet.com\/#\/schema\/logo\/image\/","url":"https:\/\/international.franceclat.fr\/wp-content\/uploads\/2023\/02\/Logo-Franceclat.png","contentUrl":"https:\/\/international.franceclat.fr\/wp-content\/uploads\/2023\/02\/Logo-Franceclat.png","width":1667,"height":1667,"caption":"Franc\u00e9clat international"},"image":{"@id":"https:\/\/franceclat.votre-projet.com\/#\/schema\/logo\/image\/"},"sameAs":["https:\/\/www.linkedin.com\/company\/franceclat-international\/"]}]}},"_links":{"self":[{"href":"https:\/\/international.franceclat.fr\/fr\/wp-json\/wp\/v2\/pages\/26","targetHints":{"allow":["GET"]}}],"collection":[{"href":"https:\/\/international.franceclat.fr\/fr\/wp-json\/wp\/v2\/pages"}],"about":[{"href":"https:\/\/international.franceclat.fr\/fr\/wp-json\/wp\/v2\/types\/page"}],"author":[{"embeddable":true,"href":"https:\/\/international.franceclat.fr\/fr\/wp-json\/wp\/v2\/users\/1"}],"replies":[{"embeddable":true,"href":"https:\/\/international.franceclat.fr\/fr\/wp-json\/wp\/v2\/comments?post=26"}],"version-history":[{"count":10,"href":"https:\/\/international.franceclat.fr\/fr\/wp-json\/wp\/v2\/pages\/26\/revisions"}],"predecessor-version":[{"id":45693,"href":"https:\/\/international.franceclat.fr\/fr\/wp-json\/wp\/v2\/pages\/26\/revisions\/45693"}],"wp:featuredmedia":[{"embeddable":true,"href":"https:\/\/international.franceclat.fr\/fr\/wp-json\/wp\/v2\/media\/45492"}],"wp:attachment":[{"href":"https:\/\/international.franceclat.fr\/fr\/wp-json\/wp\/v2\/media?parent=26"}],"curies":[{"name":"wp","href":"https:\/\/api.w.org\/{rel}","templated":true}]}}