{"id":52,"date":"2022-12-21T23:40:31","date_gmt":"2022-12-21T22:40:31","guid":{"rendered":"https:\/\/international.franceclat.fr\/?page_id=52"},"modified":"2026-02-05T14:31:15","modified_gmt":"2026-02-05T13:31:15","slug":"decouvrez-les-marques-francaises-dhorlogerie","status":"publish","type":"page","link":"https:\/\/international.franceclat.fr\/fr\/decouvrez-les-marques-francaises-dhorlogerie\/","title":{"rendered":"D\u00e9couvrez les marques fran\u00e7aises d&rsquo;horlogerie"},"content":{"rendered":"","protected":false},"excerpt":{"rendered":"","protected":false},"author":1,"featured_media":45521,"parent":0,"menu_order":0,"comment_status":"closed","ping_status":"closed","template":"template_annuaire.php","meta":{"_acf_changed":false,"_relevanssi_hide_post":"","_relevanssi_hide_content":"","_relevanssi_pin_for_all":"","_relevanssi_pin_keywords":"","_relevanssi_unpin_keywords":"","_relevanssi_related_keywords":"","_relevanssi_related_include_ids":"","_relevanssi_related_exclude_ids":"","_relevanssi_related_no_append":"","_relevanssi_related_not_related":"","_relevanssi_related_posts":"37752,45068,39412,40171,40222,25012","_relevanssi_noindex_reason":"","footnotes":""},"class_list":["post-52","page","type-page","status-publish","has-post-thumbnail","hentry"],"acf":[],"yoast_head":"<!-- This site is optimized with the Yoast SEO plugin v27.1.1 - https:\/\/yoast.com\/product\/yoast-seo-wordpress\/ -->\n<title>D\u00e9couvrez les marques fran\u00e7aises d&#039;horlogerie - FRANCECLAT INTERNATIONAL<\/title>\n<meta name=\"description\" content=\"D\u00e9couvrez les marques fran\u00e7aises d&#039;horlogerie. Inventif, optimiste, en mouvement perp\u00e9tuel, l\u2019univers horloger fran\u00e7ais se distingue par sa sensibilit\u00e9 et son pouvoir de s\u00e9duction. M\u00ealant ind\u00e9pendance cr\u00e9ative et tradition d\u2019excellence, les montres fran\u00e7aises poss\u00e8dent une chose inimitable\u202f: la french touch.\" \/>\n<meta name=\"robots\" content=\"index, follow, max-snippet:-1, max-image-preview:large, max-video-preview:-1\" \/>\n<link rel=\"canonical\" href=\"https:\/\/international.franceclat.fr\/fr\/decouvrez-les-marques-francaises-dhorlogerie\/\" \/>\n<meta property=\"og:locale\" content=\"fr_FR\" \/>\n<meta property=\"og:type\" content=\"article\" \/>\n<meta property=\"og:title\" content=\"D\u00e9couvrez les marques fran\u00e7aises d&#039;horlogerie - FRANCECLAT INTERNATIONAL\" \/>\n<meta property=\"og:description\" content=\"D\u00e9couvrez les marques fran\u00e7aises d&#039;horlogerie. Inventif, optimiste, en mouvement perp\u00e9tuel, l\u2019univers horloger fran\u00e7ais se distingue par sa sensibilit\u00e9 et son pouvoir de s\u00e9duction. M\u00ealant ind\u00e9pendance cr\u00e9ative et tradition d\u2019excellence, les montres fran\u00e7aises poss\u00e8dent une chose inimitable\u202f: la french touch.\" \/>\n<meta property=\"og:url\" content=\"https:\/\/international.franceclat.fr\/fr\/decouvrez-les-marques-francaises-dhorlogerie\/\" \/>\n<meta property=\"og:site_name\" content=\"FRANCECLAT INTERNATIONAL\" \/>\n<meta property=\"article:modified_time\" content=\"2026-02-05T13:31:15+00:00\" \/>\n<meta property=\"og:image\" content=\"https:\/\/international.franceclat.fr\/wp-content\/uploads\/2026\/02\/DISCOVER-TIMEPIECES-4.jpg\" \/>\n\t<meta property=\"og:image:width\" content=\"2000\" \/>\n\t<meta property=\"og:image:height\" content=\"760\" \/>\n\t<meta property=\"og:image:type\" content=\"image\/jpeg\" \/>\n<meta name=\"twitter:card\" content=\"summary_large_image\" \/>\n<meta name=\"twitter:label1\" content=\"Dur\u00e9e de lecture estim\u00e9e\" \/>\n\t<meta name=\"twitter:data1\" content=\"1 minute\" \/>\n<script type=\"application\/ld+json\" class=\"yoast-schema-graph\">{\"@context\":\"https:\/\/schema.org\",\"@graph\":[{\"@type\":\"WebPage\",\"@id\":\"https:\/\/international.franceclat.fr\/fr\/decouvrez-les-marques-francaises-dhorlogerie\/\",\"url\":\"https:\/\/international.franceclat.fr\/fr\/decouvrez-les-marques-francaises-dhorlogerie\/\",\"name\":\"D\u00e9couvrez les marques fran\u00e7aises d'horlogerie - FRANCECLAT INTERNATIONAL\",\"isPartOf\":{\"@id\":\"https:\/\/franceclat.votre-projet.com\/#website\"},\"primaryImageOfPage\":{\"@id\":\"https:\/\/international.franceclat.fr\/fr\/decouvrez-les-marques-francaises-dhorlogerie\/#primaryimage\"},\"image\":{\"@id\":\"https:\/\/international.franceclat.fr\/fr\/decouvrez-les-marques-francaises-dhorlogerie\/#primaryimage\"},\"thumbnailUrl\":\"https:\/\/international.franceclat.fr\/wp-content\/uploads\/2026\/02\/DISCOVER-TIMEPIECES-4.jpg\",\"datePublished\":\"2022-12-21T22:40:31+00:00\",\"dateModified\":\"2026-02-05T13:31:15+00:00\",\"description\":\"D\u00e9couvrez les marques fran\u00e7aises d'horlogerie. Inventif, optimiste, en mouvement perp\u00e9tuel, l\u2019univers horloger fran\u00e7ais se distingue par sa sensibilit\u00e9 et son pouvoir de s\u00e9duction. M\u00ealant ind\u00e9pendance cr\u00e9ative et tradition d\u2019excellence, les montres fran\u00e7aises poss\u00e8dent une chose inimitable\u202f: la french touch.\",\"breadcrumb\":{\"@id\":\"https:\/\/international.franceclat.fr\/fr\/decouvrez-les-marques-francaises-dhorlogerie\/#breadcrumb\"},\"inLanguage\":\"fr-FR\",\"potentialAction\":[{\"@type\":\"ReadAction\",\"target\":[\"https:\/\/international.franceclat.fr\/fr\/decouvrez-les-marques-francaises-dhorlogerie\/\"]}]},{\"@type\":\"ImageObject\",\"inLanguage\":\"fr-FR\",\"@id\":\"https:\/\/international.franceclat.fr\/fr\/decouvrez-les-marques-francaises-dhorlogerie\/#primaryimage\",\"url\":\"https:\/\/international.franceclat.fr\/wp-content\/uploads\/2026\/02\/DISCOVER-TIMEPIECES-4.jpg\",\"contentUrl\":\"https:\/\/international.franceclat.fr\/wp-content\/uploads\/2026\/02\/DISCOVER-TIMEPIECES-4.jpg\",\"width\":2000,\"height\":760},{\"@type\":\"BreadcrumbList\",\"@id\":\"https:\/\/international.franceclat.fr\/fr\/decouvrez-les-marques-francaises-dhorlogerie\/#breadcrumb\",\"itemListElement\":[{\"@type\":\"ListItem\",\"position\":1,\"name\":\"Accueil\",\"item\":\"https:\/\/international.franceclat.fr\/fr\/\"},{\"@type\":\"ListItem\",\"position\":2,\"name\":\"D\u00e9couvrez les marques fran\u00e7aises d&#8217;horlogerie\"}]},{\"@type\":\"WebSite\",\"@id\":\"https:\/\/franceclat.votre-projet.com\/#website\",\"url\":\"https:\/\/franceclat.votre-projet.com\/\",\"name\":\"Franc\u00e9clat international\",\"description\":\"The path to French excellence. Watches, Jewellery, Tableware.\",\"publisher\":{\"@id\":\"https:\/\/franceclat.votre-projet.com\/#organization\"},\"alternateName\":\"Franc\u00e9clat international\",\"potentialAction\":[{\"@type\":\"SearchAction\",\"target\":{\"@type\":\"EntryPoint\",\"urlTemplate\":\"https:\/\/franceclat.votre-projet.com\/?s={search_term_string}\"},\"query-input\":{\"@type\":\"PropertyValueSpecification\",\"valueRequired\":true,\"valueName\":\"search_term_string\"}}],\"inLanguage\":\"fr-FR\"},{\"@type\":\"Organization\",\"@id\":\"https:\/\/franceclat.votre-projet.com\/#organization\",\"name\":\"Franc\u00e9clat international\",\"url\":\"https:\/\/franceclat.votre-projet.com\/\",\"logo\":{\"@type\":\"ImageObject\",\"inLanguage\":\"fr-FR\",\"@id\":\"https:\/\/franceclat.votre-projet.com\/#\/schema\/logo\/image\/\",\"url\":\"https:\/\/international.franceclat.fr\/wp-content\/uploads\/2023\/02\/Logo-Franceclat.png\",\"contentUrl\":\"https:\/\/international.franceclat.fr\/wp-content\/uploads\/2023\/02\/Logo-Franceclat.png\",\"width\":1667,\"height\":1667,\"caption\":\"Franc\u00e9clat international\"},\"image\":{\"@id\":\"https:\/\/franceclat.votre-projet.com\/#\/schema\/logo\/image\/\"},\"sameAs\":[\"https:\/\/www.linkedin.com\/company\/franceclat-international\/\"]}]}<\/script>\n<!-- \/ Yoast SEO plugin. -->","yoast_head_json":{"title":"D\u00e9couvrez les marques fran\u00e7aises d'horlogerie - FRANCECLAT INTERNATIONAL","description":"D\u00e9couvrez les marques fran\u00e7aises d'horlogerie. Inventif, optimiste, en mouvement perp\u00e9tuel, l\u2019univers horloger fran\u00e7ais se distingue par sa sensibilit\u00e9 et son pouvoir de s\u00e9duction. M\u00ealant ind\u00e9pendance cr\u00e9ative et tradition d\u2019excellence, les montres fran\u00e7aises poss\u00e8dent une chose inimitable\u202f: la french touch.","robots":{"index":"index","follow":"follow","max-snippet":"max-snippet:-1","max-image-preview":"max-image-preview:large","max-video-preview":"max-video-preview:-1"},"canonical":"https:\/\/international.franceclat.fr\/fr\/decouvrez-les-marques-francaises-dhorlogerie\/","og_locale":"fr_FR","og_type":"article","og_title":"D\u00e9couvrez les marques fran\u00e7aises d'horlogerie - FRANCECLAT INTERNATIONAL","og_description":"D\u00e9couvrez les marques fran\u00e7aises d'horlogerie. Inventif, optimiste, en mouvement perp\u00e9tuel, l\u2019univers horloger fran\u00e7ais se distingue par sa sensibilit\u00e9 et son pouvoir de s\u00e9duction. M\u00ealant ind\u00e9pendance cr\u00e9ative et tradition d\u2019excellence, les montres fran\u00e7aises poss\u00e8dent une chose inimitable\u202f: la french touch.","og_url":"https:\/\/international.franceclat.fr\/fr\/decouvrez-les-marques-francaises-dhorlogerie\/","og_site_name":"FRANCECLAT INTERNATIONAL","article_modified_time":"2026-02-05T13:31:15+00:00","og_image":[{"width":2000,"height":760,"url":"https:\/\/international.franceclat.fr\/wp-content\/uploads\/2026\/02\/DISCOVER-TIMEPIECES-4.jpg","type":"image\/jpeg"}],"twitter_card":"summary_large_image","twitter_misc":{"Dur\u00e9e de lecture estim\u00e9e":"1 minute"},"schema":{"@context":"https:\/\/schema.org","@graph":[{"@type":"WebPage","@id":"https:\/\/international.franceclat.fr\/fr\/decouvrez-les-marques-francaises-dhorlogerie\/","url":"https:\/\/international.franceclat.fr\/fr\/decouvrez-les-marques-francaises-dhorlogerie\/","name":"D\u00e9couvrez les marques fran\u00e7aises d'horlogerie - FRANCECLAT INTERNATIONAL","isPartOf":{"@id":"https:\/\/franceclat.votre-projet.com\/#website"},"primaryImageOfPage":{"@id":"https:\/\/international.franceclat.fr\/fr\/decouvrez-les-marques-francaises-dhorlogerie\/#primaryimage"},"image":{"@id":"https:\/\/international.franceclat.fr\/fr\/decouvrez-les-marques-francaises-dhorlogerie\/#primaryimage"},"thumbnailUrl":"https:\/\/international.franceclat.fr\/wp-content\/uploads\/2026\/02\/DISCOVER-TIMEPIECES-4.jpg","datePublished":"2022-12-21T22:40:31+00:00","dateModified":"2026-02-05T13:31:15+00:00","description":"D\u00e9couvrez les marques fran\u00e7aises d'horlogerie. Inventif, optimiste, en mouvement perp\u00e9tuel, l\u2019univers horloger fran\u00e7ais se distingue par sa sensibilit\u00e9 et son pouvoir de s\u00e9duction. M\u00ealant ind\u00e9pendance cr\u00e9ative et tradition d\u2019excellence, les montres fran\u00e7aises poss\u00e8dent une chose inimitable\u202f: la french touch.","breadcrumb":{"@id":"https:\/\/international.franceclat.fr\/fr\/decouvrez-les-marques-francaises-dhorlogerie\/#breadcrumb"},"inLanguage":"fr-FR","potentialAction":[{"@type":"ReadAction","target":["https:\/\/international.franceclat.fr\/fr\/decouvrez-les-marques-francaises-dhorlogerie\/"]}]},{"@type":"ImageObject","inLanguage":"fr-FR","@id":"https:\/\/international.franceclat.fr\/fr\/decouvrez-les-marques-francaises-dhorlogerie\/#primaryimage","url":"https:\/\/international.franceclat.fr\/wp-content\/uploads\/2026\/02\/DISCOVER-TIMEPIECES-4.jpg","contentUrl":"https:\/\/international.franceclat.fr\/wp-content\/uploads\/2026\/02\/DISCOVER-TIMEPIECES-4.jpg","width":2000,"height":760},{"@type":"BreadcrumbList","@id":"https:\/\/international.franceclat.fr\/fr\/decouvrez-les-marques-francaises-dhorlogerie\/#breadcrumb","itemListElement":[{"@type":"ListItem","position":1,"name":"Accueil","item":"https:\/\/international.franceclat.fr\/fr\/"},{"@type":"ListItem","position":2,"name":"D\u00e9couvrez les marques fran\u00e7aises d&#8217;horlogerie"}]},{"@type":"WebSite","@id":"https:\/\/franceclat.votre-projet.com\/#website","url":"https:\/\/franceclat.votre-projet.com\/","name":"Franc\u00e9clat international","description":"The path to French excellence. Watches, Jewellery, Tableware.","publisher":{"@id":"https:\/\/franceclat.votre-projet.com\/#organization"},"alternateName":"Franc\u00e9clat international","potentialAction":[{"@type":"SearchAction","target":{"@type":"EntryPoint","urlTemplate":"https:\/\/franceclat.votre-projet.com\/?s={search_term_string}"},"query-input":{"@type":"PropertyValueSpecification","valueRequired":true,"valueName":"search_term_string"}}],"inLanguage":"fr-FR"},{"@type":"Organization","@id":"https:\/\/franceclat.votre-projet.com\/#organization","name":"Franc\u00e9clat international","url":"https:\/\/franceclat.votre-projet.com\/","logo":{"@type":"ImageObject","inLanguage":"fr-FR","@id":"https:\/\/franceclat.votre-projet.com\/#\/schema\/logo\/image\/","url":"https:\/\/international.franceclat.fr\/wp-content\/uploads\/2023\/02\/Logo-Franceclat.png","contentUrl":"https:\/\/international.franceclat.fr\/wp-content\/uploads\/2023\/02\/Logo-Franceclat.png","width":1667,"height":1667,"caption":"Franc\u00e9clat international"},"image":{"@id":"https:\/\/franceclat.votre-projet.com\/#\/schema\/logo\/image\/"},"sameAs":["https:\/\/www.linkedin.com\/company\/franceclat-international\/"]}]}},"_links":{"self":[{"href":"https:\/\/international.franceclat.fr\/fr\/wp-json\/wp\/v2\/pages\/52","targetHints":{"allow":["GET"]}}],"collection":[{"href":"https:\/\/international.franceclat.fr\/fr\/wp-json\/wp\/v2\/pages"}],"about":[{"href":"https:\/\/international.franceclat.fr\/fr\/wp-json\/wp\/v2\/types\/page"}],"author":[{"embeddable":true,"href":"https:\/\/international.franceclat.fr\/fr\/wp-json\/wp\/v2\/users\/1"}],"replies":[{"embeddable":true,"href":"https:\/\/international.franceclat.fr\/fr\/wp-json\/wp\/v2\/comments?post=52"}],"version-history":[{"count":5,"href":"https:\/\/international.franceclat.fr\/fr\/wp-json\/wp\/v2\/pages\/52\/revisions"}],"predecessor-version":[{"id":22562,"href":"https:\/\/international.franceclat.fr\/fr\/wp-json\/wp\/v2\/pages\/52\/revisions\/22562"}],"wp:featuredmedia":[{"embeddable":true,"href":"https:\/\/international.franceclat.fr\/fr\/wp-json\/wp\/v2\/media\/45521"}],"wp:attachment":[{"href":"https:\/\/international.franceclat.fr\/fr\/wp-json\/wp\/v2\/media?parent=52"}],"curies":[{"name":"wp","href":"https:\/\/api.w.org\/{rel}","templated":true}]}}